{"id":449,"date":"2019-05-06T01:57:28","date_gmt":"2019-05-05T23:57:28","guid":{"rendered":"http:\/\/www.rapos.martinhoracek.cz\/?page_id=449"},"modified":"2019-08-21T10:39:19","modified_gmt":"2019-08-21T08:39:19","slug":"ekonomicky-usek","status":"publish","type":"page","link":"https:\/\/rapos.cz\/en\/kontakt\/ekonomicky-usek\/","title":{"rendered":"Economic department"},"content":{"rendered":"\t\t<div data-elementor-type=\"wp-post\" data-elementor-id=\"449\" class=\"elementor elementor-449\">\n\t\t\t\t\t\t<section class=\"elementor-section elementor-top-section elementor-element elementor-element-c337cce elementor-section-full_width elementor-section-height-default elementor-section-height-default\" data-id=\"c337cce\" data-element_type=\"section\" data-e-type=\"section\" id=\"user\">\n\t\t\t\t\t\t<div class=\"elementor-container elementor-column-gap-wider\">\n\t\t\t\t\t<div class=\"elementor-column elementor-col-25 elementor-top-column elementor-element elementor-element-535a56a\" data-id=\"535a56a\" data-element_type=\"column\" data-e-type=\"column\" id=\"panel-team\">\n\t\t\t<div class=\"elementor-widget-wrap elementor-element-populated\">\n\t\t\t\t\t\t<div class=\"elementor-element elementor-element-a77f6a6 eael-team-align-centered elementor-widget elementor-widget-eael-team-member\" data-id=\"a77f6a6\" data-element_type=\"widget\" data-e-type=\"widget\" id=\"panel-team-item\" data-widget_type=\"eael-team-member.default\">\n\t\t\t\t<div class=\"elementor-widget-container\">\n\t\t\t\t\t\n\n\t<div id=\"eael-team-member-a77f6a6\" class=\"eael-team-item eael-team-members-simple \">\n\t\t<div class=\"eael-team-item-inner\">\n\t\t\t<div class=\"eael-team-image\">\n\t\t\t\t<figure>\n\t\t\t\t\t\t\t\t\t\t<img decoding=\"async\" src=\"https:\/\/rapos.cz\/wp-content\/uploads\/2019\/07\/8.jpg\" alt=\"\">\n\t\t\t\t\t\t\t\t\t<\/figure>\n\t\t\t\t\n\t\t\t\t\n\t\t\t<\/div>\n\n\t\t\t<div class=\"eael-team-content\">\n\t\t\t\t<h2 class=\"eael-team-member-name\">Ing. Jana Piknerov\u00e1<\/h2><h3 class=\"eael-team-member-position\">ekonomka<\/h3>\n\t\t\t\t\t\t\t\t\t\t\t\t\t\t<p class=\"eael-team-text\"><i class=\"fa fa-phone\"><\/i> &nbsp; 573 398 311-2\n<br \/>\n<i class=\"fa fa-envelope\"><\/i>  &nbsp; piknerova@rapos.cz<\/p>\n\t\t\t\t\t\t\t<\/div>\n\t\t<\/div>\n\t<\/div>\n\t\t\t\t\t<\/div>\n\t\t\t\t<\/div>\n\t\t\t\t\t<\/div>\n\t\t<\/div>\n\t\t\t\t<div class=\"elementor-column elementor-col-25 elementor-top-column elementor-element elementor-element-5e29048\" data-id=\"5e29048\" data-element_type=\"column\" data-e-type=\"column\" id=\"panel-team\">\n\t\t\t<div class=\"elementor-widget-wrap elementor-element-populated\">\n\t\t\t\t\t\t<div class=\"elementor-element elementor-element-8f03057 eael-team-align-centered elementor-widget elementor-widget-eael-team-member\" data-id=\"8f03057\" data-element_type=\"widget\" data-e-type=\"widget\" id=\"panel-team-item\" data-widget_type=\"eael-team-member.default\">\n\t\t\t\t<div class=\"elementor-widget-container\">\n\t\t\t\t\t\n\n\t<div id=\"eael-team-member-8f03057\" class=\"eael-team-item eael-team-members-simple \">\n\t\t<div class=\"eael-team-item-inner\">\n\t\t\t<div class=\"eael-team-image\">\n\t\t\t\t<figure>\n\t\t\t\t\t\t\t\t\t\t<img decoding=\"async\" src=\"https:\/\/rapos.cz\/wp-content\/uploads\/2019\/07\/9.jpg\" alt=\"\">\n\t\t\t\t\t\t\t\t\t<\/figure>\n\t\t\t\t\n\t\t\t\t\n\t\t\t<\/div>\n\n\t\t\t<div class=\"eael-team-content\">\n\t\t\t\t<h2 class=\"eael-team-member-name\">Iva Dole\u017eelov\u00e1<\/h2><h3 class=\"eael-team-member-position\">mzdov\u00e1 \u00fa\u010detn\u00ed<\/h3>\n\t\t\t\t\t\t\t\t\t\t\t\t\t\t<p class=\"eael-team-text\"><i class=\"fa fa-phone\"><\/i> &nbsp; 573 398 311-2\n<br \/>\n<i class=\"fa fa-envelope\"><\/i>  &nbsp; dolezelova@rapos.cz<\/p>\n\t\t\t\t\t\t\t<\/div>\n\t\t<\/div>\n\t<\/div>\n\t\t\t\t\t<\/div>\n\t\t\t\t<\/div>\n\t\t\t\t\t<\/div>\n\t\t<\/div>\n\t\t\t\t<div class=\"elementor-column elementor-col-25 elementor-top-column elementor-element elementor-element-e688cfd\" data-id=\"e688cfd\" data-element_type=\"column\" data-e-type=\"column\">\n\t\t\t<div class=\"elementor-widget-wrap\">\n\t\t\t\t\t\t\t<\/div>\n\t\t<\/div>\n\t\t\t\t<div class=\"elementor-column elementor-col-25 elementor-top-column elementor-element elementor-element-57838dd\" data-id=\"57838dd\" data-element_type=\"column\" data-e-type=\"column\">\n\t\t\t<div class=\"elementor-widget-wrap\">\n\t\t\t\t\t\t\t<\/div>\n\t\t<\/div>\n\t\t\t\t\t<\/div>\n\t\t<\/section>\n\t\t\t\t<\/div>\n\t\t","protected":false},"excerpt":{"rendered":"<p>Ing. Jana Piknerov\u00e1 ekonomka 573 398 311, 12 piknerova@rapos.cz Iva Dole\u017eelov\u00e1 mzdov\u00e1 \u00fa\u010detn\u00ed 573 398 311, 12 dolezelova@rapos.cz<\/p>\n","protected":false},"author":1,"featured_media":0,"parent":67,"menu_order":0,"comment_status":"closed","ping_status":"closed","template":"pages\/page-contact.php","meta":{"footnotes":""},"class_list":["post-449","page","type-page","status-publish","hentry"],"_links":{"self":[{"href":"https:\/\/rapos.cz\/en\/wp-json\/wp\/v2\/pages\/449","targetHints":{"allow":["GET"]}}],"collection":[{"href":"https:\/\/rapos.cz\/en\/wp-json\/wp\/v2\/pages"}],"about":[{"href":"https:\/\/rapos.cz\/en\/wp-json\/wp\/v2\/types\/page"}],"author":[{"embeddable":true,"href":"https:\/\/rapos.cz\/en\/wp-json\/wp\/v2\/users\/1"}],"replies":[{"embeddable":true,"href":"https:\/\/rapos.cz\/en\/wp-json\/wp\/v2\/comments?post=449"}],"version-history":[{"count":11,"href":"https:\/\/rapos.cz\/en\/wp-json\/wp\/v2\/pages\/449\/revisions"}],"predecessor-version":[{"id":2958,"href":"https:\/\/rapos.cz\/en\/wp-json\/wp\/v2\/pages\/449\/revisions\/2958"}],"up":[{"embeddable":true,"href":"https:\/\/rapos.cz\/en\/wp-json\/wp\/v2\/pages\/67"}],"wp:attachment":[{"href":"https:\/\/rapos.cz\/en\/wp-json\/wp\/v2\/media?parent=449"}],"curies":[{"name":"wp","href":"https:\/\/api.w.org\/{rel}","templated":true}]}}