{"id":441,"date":"2019-05-06T01:47:28","date_gmt":"2019-05-05T23:47:28","guid":{"rendered":"http:\/\/www.rapos.martinhoracek.cz\/?page_id=441"},"modified":"2022-01-04T12:29:19","modified_gmt":"2022-01-04T11:29:19","slug":"vyrobni-stredisko-1","status":"publish","type":"page","link":"https:\/\/rapos.cz\/en\/kontakt\/vyrobni-stredisko-1\/","title":{"rendered":"Production department 1"},"content":{"rendered":"\t\t<div data-elementor-type=\"wp-post\" data-elementor-id=\"441\" class=\"elementor elementor-441\">\n\t\t\t\t\t\t<section class=\"elementor-section elementor-top-section elementor-element elementor-element-08b161a elementor-section-full_width elementor-section-height-default elementor-section-height-default\" data-id=\"08b161a\" data-element_type=\"section\" data-e-type=\"section\">\n\t\t\t\t\t\t<div class=\"elementor-container elementor-column-gap-wider\">\n\t\t\t\t\t<div class=\"elementor-column elementor-col-25 elementor-top-column elementor-element elementor-element-57838dd\" data-id=\"57838dd\" data-element_type=\"column\" data-e-type=\"column\" id=\"panel-team\">\n\t\t\t<div class=\"elementor-widget-wrap elementor-element-populated\">\n\t\t\t\t\t\t<div class=\"elementor-element elementor-element-a77f6a6 eael-team-align-centered elementor-widget elementor-widget-eael-team-member\" data-id=\"a77f6a6\" data-element_type=\"widget\" data-e-type=\"widget\" id=\"panel-team-item\" data-widget_type=\"eael-team-member.default\">\n\t\t\t\t<div class=\"elementor-widget-container\">\n\t\t\t\t\t\n\n\t<div id=\"eael-team-member-a77f6a6\" class=\"eael-team-item eael-team-members-simple \">\n\t\t<div class=\"eael-team-item-inner\">\n\t\t\t<div class=\"eael-team-image\">\n\t\t\t\t<figure>\n\t\t\t\t\t\t\t\t\t\t<img decoding=\"async\" src=\"https:\/\/rapos.cz\/wp-content\/uploads\/2019\/07\/11.jpg\" alt=\"\">\n\t\t\t\t\t\t\t\t\t<\/figure>\n\t\t\t\t\n\t\t\t\t\n\t\t\t<\/div>\n\n\t\t\t<div class=\"eael-team-content\">\n\t\t\t\t<h2 class=\"eael-team-member-name\">Ing. Petr Badanko<\/h2><h3 class=\"eael-team-member-position\">vedouc\u00ed st\u0159ediska<\/h3>\n\t\t\t\t\t\t\t\t\t\t\t\t\t\t<p class=\"eael-team-text\"><i class=\"fa fa-phone\"><\/i> &nbsp; 606 700 719\n<br \/>\n<i class=\"fa fa-envelope\"><\/i>  &nbsp; badanko@rapos.cz<\/p>\n\t\t\t\t\t\t\t<\/div>\n\t\t<\/div>\n\t<\/div>\n\t\t\t\t\t<\/div>\n\t\t\t\t<\/div>\n\t\t\t\t\t<\/div>\n\t\t<\/div>\n\t\t\t\t<div class=\"elementor-column elementor-col-25 elementor-top-column elementor-element elementor-element-3fae214\" data-id=\"3fae214\" data-element_type=\"column\" data-e-type=\"column\" id=\"panel-team\">\n\t\t\t<div class=\"elementor-widget-wrap elementor-element-populated\">\n\t\t\t\t\t\t<div class=\"elementor-element elementor-element-6c45dcd eael-team-align-centered elementor-widget elementor-widget-eael-team-member\" data-id=\"6c45dcd\" data-element_type=\"widget\" data-e-type=\"widget\" id=\"panel-team-item\" data-widget_type=\"eael-team-member.default\">\n\t\t\t\t<div class=\"elementor-widget-container\">\n\t\t\t\t\t\n\n\t<div id=\"eael-team-member-6c45dcd\" class=\"eael-team-item eael-team-members-simple \">\n\t\t<div class=\"eael-team-item-inner\">\n\t\t\t<div class=\"eael-team-image\">\n\t\t\t\t<figure>\n\t\t\t\t\t\t\t\t\t\t<img decoding=\"async\" src=\"https:\/\/rapos.cz\/wp-content\/uploads\/2019\/07\/18.jpg\" alt=\"\">\n\t\t\t\t\t\t\t\t\t<\/figure>\n\t\t\t\t\n\t\t\t\t\n\t\t\t<\/div>\n\n\t\t\t<div class=\"eael-team-content\">\n\t\t\t\t<h2 class=\"eael-team-member-name\">Radek Hor\u00e1k<\/h2><h3 class=\"eael-team-member-position\">stavbyvedouc\u00ed<\/h3>\n\t\t\t\t\t\t\t\t\t\t\t\t\t\t<p class=\"eael-team-text\"><i class=\"fa fa-phone\"><\/i> &nbsp; 602 572 286\n<br \/>\n<i class=\"fa fa-envelope\"><\/i>  &nbsp;horak.r@rapos.cz<\/p>\n\t\t\t\t\t\t\t<\/div>\n\t\t<\/div>\n\t<\/div>\n\t\t\t\t\t<\/div>\n\t\t\t\t<\/div>\n\t\t\t\t\t<\/div>\n\t\t<\/div>\n\t\t\t\t<div class=\"elementor-column elementor-col-25 elementor-top-column elementor-element elementor-element-4a70b2e\" data-id=\"4a70b2e\" data-element_type=\"column\" data-e-type=\"column\" id=\"panel-team\">\n\t\t\t<div class=\"elementor-widget-wrap elementor-element-populated\">\n\t\t\t\t\t\t<div class=\"elementor-element elementor-element-52f458c eael-team-align-centered elementor-widget elementor-widget-eael-team-member\" data-id=\"52f458c\" data-element_type=\"widget\" data-e-type=\"widget\" id=\"panel-team-item\" data-widget_type=\"eael-team-member.default\">\n\t\t\t\t<div class=\"elementor-widget-container\">\n\t\t\t\t\t\n\n\t<div id=\"eael-team-member-52f458c\" class=\"eael-team-item eael-team-members-simple \">\n\t\t<div class=\"eael-team-item-inner\">\n\t\t\t<div class=\"eael-team-image\">\n\t\t\t\t<figure>\n\t\t\t\t\t\t\t\t\t\t<img decoding=\"async\" src=\"https:\/\/rapos.cz\/wp-content\/uploads\/2019\/07\/15.jpg\" alt=\"\">\n\t\t\t\t\t\t\t\t\t<\/figure>\n\t\t\t\t\n\t\t\t\t\n\t\t\t<\/div>\n\n\t\t\t<div class=\"eael-team-content\">\n\t\t\t\t<h2 class=\"eael-team-member-name\">Martin Ka\u0148a<\/h2><h3 class=\"eael-team-member-position\">stavbyvedouc\u00ed<\/h3>\n\t\t\t\t\t\t\t\t\t\t\t\t\t\t<p class=\"eael-team-text\"><i class=\"fa fa-phone\"><\/i> &nbsp; 602 482 043\n<br \/>\n<i class=\"fa fa-envelope\"><\/i>  &nbsp;kana.m@rapos.cz<\/p>\n\t\t\t\t\t\t\t<\/div>\n\t\t<\/div>\n\t<\/div>\n\t\t\t\t\t<\/div>\n\t\t\t\t<\/div>\n\t\t\t\t\t<\/div>\n\t\t<\/div>\n\t\t\t\t<div class=\"elementor-column elementor-col-25 elementor-top-column elementor-element elementor-element-fea4191\" data-id=\"fea4191\" data-element_type=\"column\" data-e-type=\"column\" id=\"panel-team\">\n\t\t\t<div class=\"elementor-widget-wrap elementor-element-populated\">\n\t\t\t\t\t\t<div class=\"elementor-element elementor-element-bd5b6f0 eael-team-align-centered elementor-widget elementor-widget-eael-team-member\" data-id=\"bd5b6f0\" data-element_type=\"widget\" data-e-type=\"widget\" id=\"panel-team-item\" data-widget_type=\"eael-team-member.default\">\n\t\t\t\t<div class=\"elementor-widget-container\">\n\t\t\t\t\t\n\n\t<div id=\"eael-team-member-bd5b6f0\" class=\"eael-team-item eael-team-members-simple \">\n\t\t<div class=\"eael-team-item-inner\">\n\t\t\t<div class=\"eael-team-image\">\n\t\t\t\t<figure>\n\t\t\t\t\t\t\t\t\t\t<img decoding=\"async\" src=\"https:\/\/rapos.cz\/wp-content\/uploads\/2019\/07\/19.jpg\" alt=\"\">\n\t\t\t\t\t\t\t\t\t<\/figure>\n\t\t\t\t\n\t\t\t\t\n\t\t\t<\/div>\n\n\t\t\t<div class=\"eael-team-content\">\n\t\t\t\t<h2 class=\"eael-team-member-name\">Bohumil Stratil<\/h2><h3 class=\"eael-team-member-position\">stavbyvedouc\u00ed<\/h3>\n\t\t\t\t\t\t\t\t\t\t\t\t\t\t<p class=\"eael-team-text\"><i class=\"fa fa-phone\"><\/i> &nbsp; 606 700 746\n<br \/>\n<i class=\"fa fa-envelope\"><\/i>  &nbsp;stratil@rapos.cz<\/p>\n\t\t\t\t\t\t\t<\/div>\n\t\t<\/div>\n\t<\/div>\n\t\t\t\t\t<\/div>\n\t\t\t\t<\/div>\n\t\t\t\t\t<\/div>\n\t\t<\/div>\n\t\t\t\t\t<\/div>\n\t\t<\/section>\n\t\t\t\t<section class=\"elementor-section elementor-top-section elementor-element elementor-element-54e3a9e elementor-section-full_width elementor-section-height-default elementor-section-height-default\" data-id=\"54e3a9e\" data-element_type=\"section\" data-e-type=\"section\">\n\t\t\t\t\t\t<div class=\"elementor-container elementor-column-gap-wider\">\n\t\t\t\t\t<div class=\"elementor-column elementor-col-33 elementor-top-column elementor-element elementor-element-ab7e593\" data-id=\"ab7e593\" data-element_type=\"column\" data-e-type=\"column\">\n\t\t\t<div class=\"elementor-widget-wrap\">\n\t\t\t\t\t\t\t<\/div>\n\t\t<\/div>\n\t\t\t\t<div class=\"elementor-column elementor-col-33 elementor-top-column elementor-element elementor-element-0a7d8e5\" data-id=\"0a7d8e5\" data-element_type=\"column\" data-e-type=\"column\">\n\t\t\t<div class=\"elementor-widget-wrap\">\n\t\t\t\t\t\t\t<\/div>\n\t\t<\/div>\n\t\t\t\t<div class=\"elementor-column elementor-col-33 elementor-top-column elementor-element elementor-element-455ece4\" data-id=\"455ece4\" data-element_type=\"column\" data-e-type=\"column\">\n\t\t\t<div class=\"elementor-widget-wrap\">\n\t\t\t\t\t\t\t<\/div>\n\t\t<\/div>\n\t\t\t\t\t<\/div>\n\t\t<\/section>\n\t\t\t\t<\/div>\n\t\t","protected":false},"excerpt":{"rendered":"<p>Ing. Petr Badanko vedouc\u00ed st\u0159ediska 606 700 719 badanko@rapos.cz Radek Hor\u00e1k stavbyvedouc\u00ed 602 572 286 horak.r@rapos.cz Martin Ka\u0148a stavbyvedouc\u00ed 602 482 043 kana.m@rapos.cz Bohumil Stratil stavbyvedouc\u00ed 606 700 746 stratil@rapos.cz Viktor Zavadil stavbyvedouc\u00ed 724 545 297 zavadil@rapos.cz<\/p>\n","protected":false},"author":1,"featured_media":0,"parent":67,"menu_order":0,"comment_status":"closed","ping_status":"closed","template":"pages\/page-contact.php","meta":{"footnotes":""},"class_list":["post-441","page","type-page","status-publish","hentry"],"_links":{"self":[{"href":"https:\/\/rapos.cz\/en\/wp-json\/wp\/v2\/pages\/441","targetHints":{"allow":["GET"]}}],"collection":[{"href":"https:\/\/rapos.cz\/en\/wp-json\/wp\/v2\/pages"}],"about":[{"href":"https:\/\/rapos.cz\/en\/wp-json\/wp\/v2\/types\/page"}],"author":[{"embeddable":true,"href":"https:\/\/rapos.cz\/en\/wp-json\/wp\/v2\/users\/1"}],"replies":[{"embeddable":true,"href":"https:\/\/rapos.cz\/en\/wp-json\/wp\/v2\/comments?post=441"}],"version-history":[{"count":19,"href":"https:\/\/rapos.cz\/en\/wp-json\/wp\/v2\/pages\/441\/revisions"}],"predecessor-version":[{"id":3524,"href":"https:\/\/rapos.cz\/en\/wp-json\/wp\/v2\/pages\/441\/revisions\/3524"}],"up":[{"embeddable":true,"href":"https:\/\/rapos.cz\/en\/wp-json\/wp\/v2\/pages\/67"}],"wp:attachment":[{"href":"https:\/\/rapos.cz\/en\/wp-json\/wp\/v2\/media?parent=441"}],"curies":[{"name":"wp","href":"https:\/\/api.w.org\/{rel}","templated":true}]}}