{"id":397,"date":"2019-05-06T00:46:04","date_gmt":"2019-05-05T22:46:04","guid":{"rendered":"http:\/\/www.rapos.martinhoracek.cz\/?page_id=397"},"modified":"2022-11-02T09:02:20","modified_gmt":"2022-11-02T08:02:20","slug":"ziskana-oceneni","status":"publish","type":"page","link":"https:\/\/rapos.cz\/en\/o-spolecnosti\/ziskana-oceneni\/","title":{"rendered":"Award"},"content":{"rendered":"\t\t<div data-elementor-type=\"wp-post\" data-elementor-id=\"397\" class=\"elementor elementor-397\">\n\t\t\t\t\t\t<section class=\"elementor-section elementor-top-section elementor-element elementor-element-bfc6502 elementor-section-full_width elementor-section-height-default elementor-section-height-default\" data-id=\"bfc6502\" data-element_type=\"section\" data-e-type=\"section\">\n\t\t\t\t\t\t<div class=\"elementor-container elementor-column-gap-default\">\n\t\t\t\t\t<div class=\"elementor-column elementor-col-33 elementor-top-column elementor-element elementor-element-28f8099\" data-id=\"28f8099\" data-element_type=\"column\" data-e-type=\"column\">\n\t\t\t<div class=\"elementor-widget-wrap elementor-element-populated\">\n\t\t\t\t\t\t<div class=\"elementor-element elementor-element-24ec3d1 elementor-widget elementor-widget-image\" data-id=\"24ec3d1\" data-element_type=\"widget\" data-e-type=\"widget\" data-widget_type=\"image.default\">\n\t\t\t\t<div class=\"elementor-widget-container\">\n\t\t\t\t\t\t\t\t\t\t\t\t\t\t\t\t<a href=\"https:\/\/rapos.cz\/wp-content\/uploads\/2022\/06\/stavba-roku-HD-Rymice.png\" target=\"_blank\">\n\t\t\t\t\t\t\t<img fetchpriority=\"high\" decoding=\"async\" width=\"655\" height=\"960\" src=\"https:\/\/rapos.cz\/wp-content\/uploads\/2022\/06\/stavba-roku-HD-Rymice.png\" class=\"attachment-medium_large size-medium_large wp-image-3848\" alt=\"\" srcset=\"https:\/\/rapos.cz\/wp-content\/uploads\/2022\/06\/stavba-roku-HD-Rymice.png 655w, https:\/\/rapos.cz\/wp-content\/uploads\/2022\/06\/stavba-roku-HD-Rymice-205x300.png 205w\" sizes=\"(max-width: 655px) 100vw, 655px\" \/>\t\t\t\t\t\t\t\t<\/a>\n\t\t\t\t\t\t\t\t\t\t\t\t\t\t\t<\/div>\n\t\t\t\t<\/div>\n\t\t\t\t\t<\/div>\n\t\t<\/div>\n\t\t\t\t<div class=\"elementor-column elementor-col-33 elementor-top-column elementor-element elementor-element-bec2fb5\" data-id=\"bec2fb5\" data-element_type=\"column\" data-e-type=\"column\">\n\t\t\t<div class=\"elementor-widget-wrap elementor-element-populated\">\n\t\t\t\t\t\t<div class=\"elementor-element elementor-element-80436f7 elementor-widget elementor-widget-image\" data-id=\"80436f7\" data-element_type=\"widget\" data-e-type=\"widget\" data-widget_type=\"image.default\">\n\t\t\t\t<div class=\"elementor-widget-container\">\n\t\t\t\t\t\t\t\t\t\t\t\t\t\t\t\t<a href=\"https:\/\/rapos.cz\/wp-content\/uploads\/2022\/06\/stavba-roku-KNTB.png\" target=\"_blank\">\n\t\t\t\t\t\t\t<img decoding=\"async\" width=\"642\" height=\"911\" src=\"https:\/\/rapos.cz\/wp-content\/uploads\/2022\/06\/stavba-roku-KNTB.png\" class=\"attachment-medium_large size-medium_large wp-image-3849\" alt=\"\" srcset=\"https:\/\/rapos.cz\/wp-content\/uploads\/2022\/06\/stavba-roku-KNTB.png 642w, https:\/\/rapos.cz\/wp-content\/uploads\/2022\/06\/stavba-roku-KNTB-211x300.png 211w\" sizes=\"(max-width: 642px) 100vw, 642px\" \/>\t\t\t\t\t\t\t\t<\/a>\n\t\t\t\t\t\t\t\t\t\t\t\t\t\t\t<\/div>\n\t\t\t\t<\/div>\n\t\t\t\t\t<\/div>\n\t\t<\/div>\n\t\t\t\t<div class=\"elementor-column elementor-col-33 elementor-top-column elementor-element elementor-element-86dca51\" data-id=\"86dca51\" data-element_type=\"column\" data-e-type=\"column\">\n\t\t\t<div class=\"elementor-widget-wrap elementor-element-populated\">\n\t\t\t\t\t\t<div class=\"elementor-element elementor-element-0157aaf elementor-widget elementor-widget-image\" data-id=\"0157aaf\" data-element_type=\"widget\" data-e-type=\"widget\" data-widget_type=\"image.default\">\n\t\t\t\t<div class=\"elementor-widget-container\">\n\t\t\t\t\t\t\t\t\t\t\t\t\t\t\t\t<a href=\"https:\/\/rapos.cz\/wp-content\/uploads\/2019\/06\/Stavebni\u0301-firma-C\u030ceske\u0301-republiky-roku-2017-1.jpg\" target=\"_blank\">\n\t\t\t\t\t\t\t<img decoding=\"async\" width=\"768\" height=\"543\" src=\"https:\/\/rapos.cz\/wp-content\/uploads\/2019\/06\/Stavebni\u0301-firma-C\u030ceske\u0301-republiky-roku-2017-1-768x543.jpg\" class=\"attachment-medium_large size-medium_large wp-image-1035\" alt=\"\" srcset=\"https:\/\/rapos.cz\/wp-content\/uploads\/2019\/06\/Stavebni\u0301-firma-C\u030ceske\u0301-republiky-roku-2017-1-768x543.jpg 768w, https:\/\/rapos.cz\/wp-content\/uploads\/2019\/06\/Stavebni\u0301-firma-C\u030ceske\u0301-republiky-roku-2017-1-300x212.jpg 300w, https:\/\/rapos.cz\/wp-content\/uploads\/2019\/06\/Stavebni\u0301-firma-C\u030ceske\u0301-republiky-roku-2017-1-1024x724.jpg 1024w, https:\/\/rapos.cz\/wp-content\/uploads\/2019\/06\/Stavebni\u0301-firma-C\u030ceske\u0301-republiky-roku-2017-1.jpg 2048w\" sizes=\"(max-width: 768px) 100vw, 768px\" \/>\t\t\t\t\t\t\t\t<\/a>\n\t\t\t\t\t\t\t\t\t\t\t\t\t\t\t<\/div>\n\t\t\t\t<\/div>\n\t\t\t\t\t<\/div>\n\t\t<\/div>\n\t\t\t\t\t<\/div>\n\t\t<\/section>\n\t\t\t\t<section class=\"elementor-section elementor-top-section elementor-element elementor-element-a2ede16 elementor-section-full_width elementor-section-height-default elementor-section-height-default\" data-id=\"a2ede16\" data-element_type=\"section\" data-e-type=\"section\">\n\t\t\t\t\t\t<div class=\"elementor-container elementor-column-gap-default\">\n\t\t\t\t\t<div class=\"elementor-column elementor-col-25 elementor-top-column elementor-element elementor-element-7edf533\" data-id=\"7edf533\" data-element_type=\"column\" data-e-type=\"column\">\n\t\t\t<div class=\"elementor-widget-wrap elementor-element-populated\">\n\t\t\t\t\t\t<div class=\"elementor-element elementor-element-2454c7f elementor-widget elementor-widget-image\" data-id=\"2454c7f\" data-element_type=\"widget\" data-e-type=\"widget\" data-widget_type=\"image.default\">\n\t\t\t\t<div class=\"elementor-widget-container\">\n\t\t\t\t\t\t\t\t\t\t\t\t\t\t\t\t<a href=\"https:\/\/rapos.cz\/wp-content\/uploads\/2019\/06\/stavba-roku-OK-diplom2.jpg\" target=\"_blank\">\n\t\t\t\t\t\t\t<img decoding=\"async\" src=\"https:\/\/rapos.cz\/wp-content\/uploads\/2019\/06\/stavba-roku-OK-diplom.jpg\" title=\"stavba roku OK -diplom\" alt=\"stavba roku OK -diplom\" loading=\"lazy\" \/>\t\t\t\t\t\t\t\t<\/a>\n\t\t\t\t\t\t\t\t\t\t\t\t\t\t\t<\/div>\n\t\t\t\t<\/div>\n\t\t\t\t\t<\/div>\n\t\t<\/div>\n\t\t\t\t<div class=\"elementor-column elementor-col-25 elementor-top-column elementor-element elementor-element-aeedcbe\" data-id=\"aeedcbe\" data-element_type=\"column\" data-e-type=\"column\">\n\t\t\t<div class=\"elementor-widget-wrap elementor-element-populated\">\n\t\t\t\t\t\t<div class=\"elementor-element elementor-element-8fd4aa8 elementor-widget elementor-widget-image\" data-id=\"8fd4aa8\" data-element_type=\"widget\" data-e-type=\"widget\" data-widget_type=\"image.default\">\n\t\t\t\t<div class=\"elementor-widget-container\">\n\t\t\t\t\t\t\t\t\t\t\t\t\t\t\t\t<a href=\"https:\/\/rapos.cz\/wp-content\/uploads\/2022\/06\/stavba-roku-zamek-holesov.png\" target=\"_blank\">\n\t\t\t\t\t\t\t<img decoding=\"async\" src=\"https:\/\/rapos.cz\/wp-content\/uploads\/2022\/06\/stavba-roku-zamek-holesov.png\" title=\"stavba roku &#8211; z\u00e1mek hole\u0161ov\" alt=\"stavba roku - z\u00e1mek hole\u0161ov\" loading=\"lazy\" \/>\t\t\t\t\t\t\t\t<\/a>\n\t\t\t\t\t\t\t\t\t\t\t\t\t\t\t<\/div>\n\t\t\t\t<\/div>\n\t\t\t\t\t<\/div>\n\t\t<\/div>\n\t\t\t\t<div class=\"elementor-column elementor-col-25 elementor-top-column elementor-element elementor-element-f75ac3b\" data-id=\"f75ac3b\" data-element_type=\"column\" data-e-type=\"column\">\n\t\t\t<div class=\"elementor-widget-wrap elementor-element-populated\">\n\t\t\t\t\t\t<div class=\"elementor-element elementor-element-fcfbaf1 elementor-widget elementor-widget-image\" data-id=\"fcfbaf1\" data-element_type=\"widget\" data-e-type=\"widget\" data-widget_type=\"image.default\">\n\t\t\t\t<div class=\"elementor-widget-container\">\n\t\t\t\t\t\t\t\t\t\t\t\t\t\t\t\t<a href=\"https:\/\/rapos.cz\/wp-content\/uploads\/2022\/06\/stavba-roku-prediko-centrum.png\" target=\"_blank\">\n\t\t\t\t\t\t\t<img decoding=\"async\" src=\"https:\/\/rapos.cz\/wp-content\/uploads\/2022\/06\/stavba-roku-prediko-centrum.png\" title=\"stavba roku &#8211; prediko centrum\" alt=\"stavba roku - prediko centrum\" loading=\"lazy\" \/>\t\t\t\t\t\t\t\t<\/a>\n\t\t\t\t\t\t\t\t\t\t\t\t\t\t\t<\/div>\n\t\t\t\t<\/div>\n\t\t\t\t\t<\/div>\n\t\t<\/div>\n\t\t\t\t<div class=\"elementor-column elementor-col-25 elementor-top-column elementor-element elementor-element-378c467\" data-id=\"378c467\" data-element_type=\"column\" data-e-type=\"column\">\n\t\t\t<div class=\"elementor-widget-wrap elementor-element-populated\">\n\t\t\t\t\t\t<div class=\"elementor-element elementor-element-eed9484 elementor-widget elementor-widget-image\" data-id=\"eed9484\" data-element_type=\"widget\" data-e-type=\"widget\" data-widget_type=\"image.default\">\n\t\t\t\t<div class=\"elementor-widget-container\">\n\t\t\t\t\t\t\t\t\t\t\t\t\t\t\t\t<a href=\"https:\/\/rapos.cz\/wp-content\/uploads\/2022\/06\/stavba-roku-floria.png\" target=\"_blank\">\n\t\t\t\t\t\t\t<img loading=\"lazy\" decoding=\"async\" width=\"653\" height=\"949\" src=\"https:\/\/rapos.cz\/wp-content\/uploads\/2022\/06\/stavba-roku-floria.png\" class=\"attachment-medium_large size-medium_large wp-image-3884\" alt=\"\" srcset=\"https:\/\/rapos.cz\/wp-content\/uploads\/2022\/06\/stavba-roku-floria.png 653w, https:\/\/rapos.cz\/wp-content\/uploads\/2022\/06\/stavba-roku-floria-206x300.png 206w\" sizes=\"(max-width: 653px) 100vw, 653px\" \/>\t\t\t\t\t\t\t\t<\/a>\n\t\t\t\t\t\t\t\t\t\t\t\t\t\t\t<\/div>\n\t\t\t\t<\/div>\n\t\t\t\t\t<\/div>\n\t\t<\/div>\n\t\t\t\t\t<\/div>\n\t\t<\/section>\n\t\t\t\t<section class=\"elementor-section elementor-top-section elementor-element elementor-element-70f1337 elementor-section-full_width elementor-section-height-default elementor-section-height-default\" data-id=\"70f1337\" data-element_type=\"section\" data-e-type=\"section\">\n\t\t\t\t\t\t<div class=\"elementor-container elementor-column-gap-default\">\n\t\t\t\t\t<div class=\"elementor-column elementor-col-25 elementor-top-column elementor-element elementor-element-1f29c4e\" data-id=\"1f29c4e\" data-element_type=\"column\" data-e-type=\"column\">\n\t\t\t<div class=\"elementor-widget-wrap elementor-element-populated\">\n\t\t\t\t\t\t<div class=\"elementor-element elementor-element-a6042da elementor-widget elementor-widget-image\" data-id=\"a6042da\" data-element_type=\"widget\" data-e-type=\"widget\" data-widget_type=\"image.default\">\n\t\t\t\t<div class=\"elementor-widget-container\">\n\t\t\t\t\t\t\t\t\t\t\t\t\t\t\t\t<a href=\"https:\/\/rapos.cz\/wp-content\/uploads\/2022\/06\/stavba-roku-AMENITY.png\" target=\"_blank\">\n\t\t\t\t\t\t\t<img loading=\"lazy\" decoding=\"async\" width=\"684\" height=\"949\" src=\"https:\/\/rapos.cz\/wp-content\/uploads\/2022\/06\/stavba-roku-AMENITY.png\" class=\"attachment-medium_large size-medium_large wp-image-3888\" alt=\"\" srcset=\"https:\/\/rapos.cz\/wp-content\/uploads\/2022\/06\/stavba-roku-AMENITY.png 684w, https:\/\/rapos.cz\/wp-content\/uploads\/2022\/06\/stavba-roku-AMENITY-216x300.png 216w\" sizes=\"(max-width: 684px) 100vw, 684px\" \/>\t\t\t\t\t\t\t\t<\/a>\n\t\t\t\t\t\t\t\t\t\t\t\t\t\t\t<\/div>\n\t\t\t\t<\/div>\n\t\t\t\t\t<\/div>\n\t\t<\/div>\n\t\t\t\t<div class=\"elementor-column elementor-col-25 elementor-top-column elementor-element elementor-element-bf559bc\" data-id=\"bf559bc\" data-element_type=\"column\" data-e-type=\"column\">\n\t\t\t<div class=\"elementor-widget-wrap elementor-element-populated\">\n\t\t\t\t\t\t<div class=\"elementor-element elementor-element-a34d2e5 elementor-widget elementor-widget-image\" data-id=\"a34d2e5\" data-element_type=\"widget\" data-e-type=\"widget\" data-widget_type=\"image.default\">\n\t\t\t\t<div class=\"elementor-widget-container\">\n\t\t\t\t\t\t\t\t\t\t\t\t\t\t\t\t<a href=\"https:\/\/rapos.cz\/wp-content\/uploads\/2022\/06\/stavba-roku-Prilepy.png\" target=\"_blank\">\n\t\t\t\t\t\t\t<img loading=\"lazy\" decoding=\"async\" width=\"704\" height=\"952\" src=\"https:\/\/rapos.cz\/wp-content\/uploads\/2022\/06\/stavba-roku-Prilepy.png\" class=\"attachment-medium_large size-medium_large wp-image-3892\" alt=\"\" srcset=\"https:\/\/rapos.cz\/wp-content\/uploads\/2022\/06\/stavba-roku-Prilepy.png 704w, https:\/\/rapos.cz\/wp-content\/uploads\/2022\/06\/stavba-roku-Prilepy-222x300.png 222w\" sizes=\"(max-width: 704px) 100vw, 704px\" \/>\t\t\t\t\t\t\t\t<\/a>\n\t\t\t\t\t\t\t\t\t\t\t\t\t\t\t<\/div>\n\t\t\t\t<\/div>\n\t\t\t\t\t<\/div>\n\t\t<\/div>\n\t\t\t\t<div class=\"elementor-column elementor-col-25 elementor-top-column elementor-element elementor-element-8c8acf2\" data-id=\"8c8acf2\" data-element_type=\"column\" data-e-type=\"column\">\n\t\t\t<div class=\"elementor-widget-wrap elementor-element-populated\">\n\t\t\t\t\t\t<div class=\"elementor-element elementor-element-ad06759 elementor-widget elementor-widget-image\" data-id=\"ad06759\" data-element_type=\"widget\" data-e-type=\"widget\" data-widget_type=\"image.default\">\n\t\t\t\t<div class=\"elementor-widget-container\">\n\t\t\t\t\t\t\t\t\t\t\t\t\t\t\t\t<a href=\"https:\/\/rapos.cz\/wp-content\/uploads\/2022\/06\/stavba-roku-Bystrice.png\" target=\"_blank\">\n\t\t\t\t\t\t\t<img loading=\"lazy\" decoding=\"async\" width=\"704\" height=\"955\" src=\"https:\/\/rapos.cz\/wp-content\/uploads\/2022\/06\/stavba-roku-Bystrice.png\" class=\"attachment-medium_large size-medium_large wp-image-3897\" alt=\"\" srcset=\"https:\/\/rapos.cz\/wp-content\/uploads\/2022\/06\/stavba-roku-Bystrice.png 704w, https:\/\/rapos.cz\/wp-content\/uploads\/2022\/06\/stavba-roku-Bystrice-221x300.png 221w\" sizes=\"(max-width: 704px) 100vw, 704px\" \/>\t\t\t\t\t\t\t\t<\/a>\n\t\t\t\t\t\t\t\t\t\t\t\t\t\t\t<\/div>\n\t\t\t\t<\/div>\n\t\t\t\t\t<\/div>\n\t\t<\/div>\n\t\t\t\t<div class=\"elementor-column elementor-col-25 elementor-top-column elementor-element elementor-element-473be4e\" data-id=\"473be4e\" data-element_type=\"column\" data-e-type=\"column\">\n\t\t\t<div class=\"elementor-widget-wrap elementor-element-populated\">\n\t\t\t\t\t\t<div class=\"elementor-element elementor-element-4678271 elementor-widget elementor-widget-image\" data-id=\"4678271\" data-element_type=\"widget\" data-e-type=\"widget\" data-widget_type=\"image.default\">\n\t\t\t\t<div class=\"elementor-widget-container\">\n\t\t\t\t\t\t\t\t\t\t\t\t\t\t\t\t<a href=\"https:\/\/rapos.cz\/wp-content\/uploads\/2022\/06\/Zlata-cihla-roku-2004_ZS-Rusava.jpg\" target=\"_blank\">\n\t\t\t\t\t\t\t<img decoding=\"async\" src=\"https:\/\/rapos.cz\/wp-content\/uploads\/2022\/06\/Zlata-cihla-roku-2004_ZS-Rusava.jpg\" title=\"Zlat\u00e1 cihla roku 2004_Z\u0160 Rusava\" alt=\"Zlat\u00e1 cihla roku 2004_Z\u0160 Rusava\" loading=\"lazy\" \/>\t\t\t\t\t\t\t\t<\/a>\n\t\t\t\t\t\t\t\t\t\t\t\t\t\t\t<\/div>\n\t\t\t\t<\/div>\n\t\t\t\t\t<\/div>\n\t\t<\/div>\n\t\t\t\t\t<\/div>\n\t\t<\/section>\n\t\t\t\t<\/div>\n\t\t","protected":false},"excerpt":{"rendered":"<p>stavba roku OK -diplomstavba roku &#8211; z\u00e1mek hole\u0161ovstavba roku &#8211; prediko centrumZlat\u00e1 cihla roku 2004_Z\u0160 Rusava<\/p>\n","protected":false},"author":1,"featured_media":0,"parent":91,"menu_order":0,"comment_status":"closed","ping_status":"closed","template":"pages\/page-spolecnost.php","meta":{"footnotes":""},"class_list":["post-397","page","type-page","status-publish","hentry"],"_links":{"self":[{"href":"https:\/\/rapos.cz\/en\/wp-json\/wp\/v2\/pages\/397","targetHints":{"allow":["GET"]}}],"collection":[{"href":"https:\/\/rapos.cz\/en\/wp-json\/wp\/v2\/pages"}],"about":[{"href":"https:\/\/rapos.cz\/en\/wp-json\/wp\/v2\/types\/page"}],"author":[{"embeddable":true,"href":"https:\/\/rapos.cz\/en\/wp-json\/wp\/v2\/users\/1"}],"replies":[{"embeddable":true,"href":"https:\/\/rapos.cz\/en\/wp-json\/wp\/v2\/comments?post=397"}],"version-history":[{"count":85,"href":"https:\/\/rapos.cz\/en\/wp-json\/wp\/v2\/pages\/397\/revisions"}],"predecessor-version":[{"id":4109,"href":"https:\/\/rapos.cz\/en\/wp-json\/wp\/v2\/pages\/397\/revisions\/4109"}],"up":[{"embeddable":true,"href":"https:\/\/rapos.cz\/en\/wp-json\/wp\/v2\/pages\/91"}],"wp:attachment":[{"href":"https:\/\/rapos.cz\/en\/wp-json\/wp\/v2\/media?parent=397"}],"curies":[{"name":"wp","href":"https:\/\/api.w.org\/{rel}","templated":true}]}}