{"id":91,"date":"2019-04-20T14:55:50","date_gmt":"2019-04-20T12:55:50","guid":{"rendered":"http:\/\/www.rapos.martinhoracek.cz\/?page_id=91"},"modified":"2025-06-27T10:04:50","modified_gmt":"2025-06-27T08:04:50","slug":"o-spolecnosti","status":"publish","type":"page","link":"https:\/\/rapos.cz\/de\/o-spolecnosti\/","title":{"rendered":"P\u0159edstaven\u00ed spole\u010dnosti"},"content":{"rendered":"<p>Stavebn\u00ed spole\u010dnost RAPOS, spol. s r.o. je gener\u00e1ln\u00edm dodavatelem objekt\u016f ob\u010dansk\u00e9 vybavenosti, pr\u016fmyslov\u00fdch a komer\u010dn\u00edch prostor, rekonstrukc\u00ed pam\u00e1tkov\u00fdch a historick\u00fdch staveb. Firma byla zalo\u017eena v roce 1992 a od roku 1997 p\u016fsob\u00ed v pr\u00e1vn\u00ed form\u011b spole\u010dnosti s ru\u010den\u00edm omezen\u00fdm. Od doby sv\u00e9ho vzniku provedla stavebn\u00ed pr\u00e1ce za v\u00edce ne\u017e 6 miliard korun.<\/p>\n<p>Slu\u017eby:<\/p>\n<ul>\n<li>Gener\u00e1ln\u00ed dodavatel staveb (ob\u010dansk\u00e1 vybavenost, komer\u010dn\u00ed prostory, pr\u016fmyslov\u00e9 stavby, historick\u00e9 objekty)<\/li>\n<li>Mont\u00e1\u017e a dod\u00e1vky klimatizace<\/li>\n<li>Doprava a zemn\u00ed pr\u00e1ce<\/li>\n<li><strong><a href=\"https:\/\/www.palivaholesov.cz\/\" target=\"_blank\" rel=\"noopener\">Stavebniny<\/a><\/strong><\/li>\n<li><strong><a href=\"http:\/\/www.instrumentum.cz\/\" target=\"_blank\" rel=\"noopener\">P\u016fj\u010dovna a prodej n\u00e1\u0159ad\u00ed a le\u0161en\u00ed<\/a><\/strong><\/li>\n<\/ul>\n<p>&nbsp;<\/p>\n<p>Spole\u010dnost je dr\u017eitelem certifik\u00e1t\u016f ISO 9001, 14001, 45001. V roce 2017 byla Svazem podnikatel\u016f ve stavebnictv\u00ed a \u010desk\u00fdmi stavebn\u00edmi fakultami vyhl\u00e1\u0161ena stavebn\u00ed firmou \u010cesk\u00e9 republiky v kategorii st\u0159edn\u00edch podnik\u016f. D\u00edky poctiv\u00e9 a profesion\u00e1ln\u00ed pr\u00e1ci 80-ti vlastn\u00edch zam\u011bstnanc\u016f v d\u011blnick\u00fdch a technick\u00fdch profes\u00edch je firma RAPOS z\u00e1rukou solidnosti a kvality.<\/p>\n<p><strong><a href=\"https:\/\/rapos.cz\/wp-content\/uploads\/2022\/02\/priloha-c.-1-Politika-PIMS-2021.docx\" target=\"_blank\" rel=\"noopener\">Politika PIMS 2021<\/a><\/strong><\/p>\n<p>Kr\u00e1tk\u00e9 p\u0159edstaven\u00ed spole\u010dnosti m\u016f\u017eete shl\u00e9dnout<strong> <a href=\"https:\/\/www.youtube.com\/watch?v=DprYmYyF0fg\" target=\"_blank\" rel=\"noopener\">ZDE<\/a><\/strong><\/p>\n<p>Kr\u00e1tk\u00e9 p\u0159edstaven\u00ed na\u0161eho are\u00e1lu\u00a0 s\u00eddla m\u016f\u017eete shl\u00e9dnout <strong><a href=\"https:\/\/www.youtube.com\/watch?v=QBJWMj5-XFY\" target=\"_blank\" rel=\"noopener\">ZDE<\/a><\/strong><\/p>\n<p>Videa z na\u0161ich staveb najdete na na\u0161em <strong><a href=\"https:\/\/www.youtube.com\/channel\/UCQlW8Rmyr-rEh4tTx8-EhNQ\" target=\"_blank\" rel=\"noopener\">youtube kan\u00e1le ZDE<\/a><\/strong><\/p>\n<p>&nbsp;<\/p>\n<p>Spole\u010dnost RAPOS, spol. s r. o. je \u0159\u00edd\u00edc\u00ed osobou \u0159\u00edzen\u00e9 osoby Paliva Hole\u0161ov, spol. s r.o., Palack\u00e9ho 1398, 769 01 Hole\u0161ov, I\u010cO: 18188915, zapsan\u00e1 u Krajsk\u00e9ho soudu v Brn\u011b, pod spisovou zna\u010dkou C 2750. Toto ozn\u00e1men\u00ed je \u010din\u011bno v souladu s ustanoven\u00edm \u00a779, odst.3 z\u00e1kona \u010d.90\/2012 Sb.<\/p>\n<p>&nbsp;<\/p>\n<p style=\"margin: 0cm; margin-bottom: .0001pt;\">Kontaktn\u00ed \u00fadaje p\u0159\u00edslu\u0161n\u00e9 osoby pro p\u0159\u00edjem a zpracov\u00e1n\u00ed ozn\u00e1men\u00ed (whistleblowing):<\/p>\n<p style=\"margin: 0cm; margin-bottom: .0001pt;\">Jaroslav \u0160ev\u010d\u00edk, tel. +420 606 706 607; e-mail: oznameni@rapos.cz<br \/>\nRAPOS, spol. s r.o., Palack\u00e9ho 529, V\u0161etuly, 769 01 Hole\u0161ov<br \/>\nListinn\u00e9 pod\u00e1n\u00ed ozna\u010dte na ob\u00e1lce: &#8222;D\u016eV\u011aRN\u00c9 &#8211; NEOTEV\u00cdRAT&#8220;<\/p>\n<p>&nbsp;<\/p>\n","protected":false},"excerpt":{"rendered":"<p>Stavebn\u00ed spole\u010dnost RAPOS, spol. s r.o. je gener\u00e1ln\u00edm dodavatelem objekt\u016f ob\u010dansk\u00e9 vybavenosti, pr\u016fmyslov\u00fdch a komer\u010dn\u00edch prostor, rekonstrukc\u00ed pam\u00e1tkov\u00fdch a historick\u00fdch staveb. Firma byla zalo\u017eena v roce 1992 a od roku 1997 p\u016fsob\u00ed v pr\u00e1vn\u00ed form\u011b spole\u010dnosti s ru\u010den\u00edm omezen\u00fdm. Od doby sv\u00e9ho vzniku provedla stavebn\u00ed pr\u00e1ce za v\u00edce ne\u017e 6 miliard korun. Slu\u017eby: Gener\u00e1ln\u00ed dodavatel&#8230;<\/p>\n","protected":false},"author":1,"featured_media":0,"parent":0,"menu_order":0,"comment_status":"closed","ping_status":"closed","template":"pages\/page-spolecnost.php","meta":{"footnotes":""},"class_list":["post-91","page","type-page","status-publish","hentry"],"_links":{"self":[{"href":"https:\/\/rapos.cz\/de\/wp-json\/wp\/v2\/pages\/91","targetHints":{"allow":["GET"]}}],"collection":[{"href":"https:\/\/rapos.cz\/de\/wp-json\/wp\/v2\/pages"}],"about":[{"href":"https:\/\/rapos.cz\/de\/wp-json\/wp\/v2\/types\/page"}],"author":[{"embeddable":true,"href":"https:\/\/rapos.cz\/de\/wp-json\/wp\/v2\/users\/1"}],"replies":[{"embeddable":true,"href":"https:\/\/rapos.cz\/de\/wp-json\/wp\/v2\/comments?post=91"}],"version-history":[{"count":114,"href":"https:\/\/rapos.cz\/de\/wp-json\/wp\/v2\/pages\/91\/revisions"}],"predecessor-version":[{"id":5661,"href":"https:\/\/rapos.cz\/de\/wp-json\/wp\/v2\/pages\/91\/revisions\/5661"}],"wp:attachment":[{"href":"https:\/\/rapos.cz\/de\/wp-json\/wp\/v2\/media?parent=91"}],"curies":[{"name":"wp","href":"https:\/\/api.w.org\/{rel}","templated":true}]}}