{"id":5662,"date":"2025-07-23T10:38:09","date_gmt":"2025-07-23T08:38:09","guid":{"rendered":"https:\/\/rapos.cz\/?page_id=5662"},"modified":"2025-07-23T11:03:57","modified_gmt":"2025-07-23T09:03:57","slug":"doprava","status":"publish","type":"page","link":"https:\/\/rapos.cz\/de\/kontakt\/doprava\/","title":{"rendered":"Doprava"},"content":{"rendered":"\t\t<div data-elementor-type=\"wp-post\" data-elementor-id=\"5662\" class=\"elementor elementor-5662\">\n\t\t\t\t\t\t<section class=\"elementor-section elementor-top-section elementor-element elementor-element-c337cce elementor-section-full_width elementor-section-height-default elementor-section-height-default\" data-id=\"c337cce\" data-element_type=\"section\" data-e-type=\"section\" id=\"user\">\n\t\t\t\t\t\t<div class=\"elementor-container elementor-column-gap-wider\">\n\t\t\t\t\t<div class=\"elementor-column elementor-col-25 elementor-top-column elementor-element elementor-element-535a56a\" data-id=\"535a56a\" data-element_type=\"column\" data-e-type=\"column\" id=\"panel-team\">\n\t\t\t<div class=\"elementor-widget-wrap elementor-element-populated\">\n\t\t\t\t\t\t<div class=\"elementor-element elementor-element-a77f6a6 eael-team-align-centered elementor-widget elementor-widget-eael-team-member\" data-id=\"a77f6a6\" data-element_type=\"widget\" data-e-type=\"widget\" id=\"panel-team-item\" data-widget_type=\"eael-team-member.default\">\n\t\t\t\t<div class=\"elementor-widget-container\">\n\t\t\t\t\t\n\n\t<div id=\"eael-team-member-a77f6a6\" class=\"eael-team-item eael-team-members-simple \">\n\t\t<div class=\"eael-team-item-inner\">\n\t\t\t<div class=\"eael-team-image\">\n\t\t\t\t<figure>\n\t\t\t\t\t\t\t\t\t\t<img decoding=\"async\" src=\"https:\/\/rapos.cz\/wp-content\/uploads\/2020\/08\/DSC_8589_2-scaled-e1598884496968.jpg\" alt=\"\">\n\t\t\t\t\t\t\t\t\t<\/figure>\n\t\t\t\t\n\t\t\t\t\n\t\t\t<\/div>\n\n\t\t\t<div class=\"eael-team-content\">\n\t\t\t\t<h2 class=\"eael-team-member-name\">Bronislav Pet\u0159\u00edk<\/h2><h3 class=\"eael-team-member-position\">vedouc\u00ed dopravy<\/h3>\n\t\t\t\t\t\t\t\t\t\t\t\t\t\t<p class=\"eael-team-text\"><i class=\"fa fa-phone\"><\/i> &nbsp; 724 702 339\n<br \/>\n<i class=\"fa fa-envelope\"><\/i>  &nbsp; petrik@rapos.cz<\/p>\n\t\t\t\t\t\t\t<\/div>\n\t\t<\/div>\n\t<\/div>\n\t\t\t\t\t<\/div>\n\t\t\t\t<\/div>\n\t\t\t\t\t<\/div>\n\t\t<\/div>\n\t\t\t\t<div class=\"elementor-column elementor-col-25 elementor-top-column elementor-element elementor-element-5e29048\" data-id=\"5e29048\" data-element_type=\"column\" data-e-type=\"column\" id=\"panel-team\">\n\t\t\t<div class=\"elementor-widget-wrap\">\n\t\t\t\t\t\t\t<\/div>\n\t\t<\/div>\n\t\t\t\t<div class=\"elementor-column elementor-col-25 elementor-top-column elementor-element elementor-element-e688cfd\" data-id=\"e688cfd\" data-element_type=\"column\" data-e-type=\"column\">\n\t\t\t<div class=\"elementor-widget-wrap\">\n\t\t\t\t\t\t\t<\/div>\n\t\t<\/div>\n\t\t\t\t<div class=\"elementor-column elementor-col-25 elementor-top-column elementor-element elementor-element-57838dd\" data-id=\"57838dd\" data-element_type=\"column\" data-e-type=\"column\">\n\t\t\t<div class=\"elementor-widget-wrap\">\n\t\t\t\t\t\t\t<\/div>\n\t\t<\/div>\n\t\t\t\t\t<\/div>\n\t\t<\/section>\n\t\t\t\t<\/div>\n\t\t","protected":false},"excerpt":{"rendered":"<p>Bronislav Pet\u0159\u00edk vedouc\u00ed dopravy &nbsp; 724 702 339 &nbsp; petrik@rapos.cz<\/p>\n","protected":false},"author":1,"featured_media":0,"parent":67,"menu_order":0,"comment_status":"closed","ping_status":"closed","template":"pages\/page-contact.php","meta":{"footnotes":""},"class_list":["post-5662","page","type-page","status-publish","hentry"],"_links":{"self":[{"href":"https:\/\/rapos.cz\/de\/wp-json\/wp\/v2\/pages\/5662","targetHints":{"allow":["GET"]}}],"collection":[{"href":"https:\/\/rapos.cz\/de\/wp-json\/wp\/v2\/pages"}],"about":[{"href":"https:\/\/rapos.cz\/de\/wp-json\/wp\/v2\/types\/page"}],"author":[{"embeddable":true,"href":"https:\/\/rapos.cz\/de\/wp-json\/wp\/v2\/users\/1"}],"replies":[{"embeddable":true,"href":"https:\/\/rapos.cz\/de\/wp-json\/wp\/v2\/comments?post=5662"}],"version-history":[{"count":7,"href":"https:\/\/rapos.cz\/de\/wp-json\/wp\/v2\/pages\/5662\/revisions"}],"predecessor-version":[{"id":5671,"href":"https:\/\/rapos.cz\/de\/wp-json\/wp\/v2\/pages\/5662\/revisions\/5671"}],"up":[{"embeddable":true,"href":"https:\/\/rapos.cz\/de\/wp-json\/wp\/v2\/pages\/67"}],"wp:attachment":[{"href":"https:\/\/rapos.cz\/de\/wp-json\/wp\/v2\/media?parent=5662"}],"curies":[{"name":"wp","href":"https:\/\/api.w.org\/{rel}","templated":true}]}}