{"id":445,"date":"2019-05-06T01:53:40","date_gmt":"2019-05-05T23:53:40","guid":{"rendered":"http:\/\/www.rapos.martinhoracek.cz\/?page_id=445"},"modified":"2026-01-05T11:00:47","modified_gmt":"2026-01-05T10:00:47","slug":"vyrobni-stredisko-2","status":"publish","type":"page","link":"https:\/\/rapos.cz\/de\/kontakt\/vyrobni-stredisko-2\/","title":{"rendered":"V\u00fdrobn\u00ed st\u0159edisko 2"},"content":{"rendered":"\t\t<div data-elementor-type=\"wp-post\" data-elementor-id=\"445\" class=\"elementor elementor-445\">\n\t\t\t\t\t\t<section class=\"elementor-section elementor-top-section elementor-element elementor-element-08b161a elementor-section-full_width elementor-section-height-default elementor-section-height-default\" data-id=\"08b161a\" data-element_type=\"section\" data-e-type=\"section\">\n\t\t\t\t\t\t<div class=\"elementor-container elementor-column-gap-wider\">\n\t\t\t\t\t<div class=\"elementor-column elementor-col-25 elementor-top-column elementor-element elementor-element-57838dd\" data-id=\"57838dd\" data-element_type=\"column\" data-e-type=\"column\" id=\"panel-team\">\n\t\t\t<div class=\"elementor-widget-wrap elementor-element-populated\">\n\t\t\t\t\t\t<div class=\"elementor-element elementor-element-a77f6a6 eael-team-align-centered elementor-widget elementor-widget-eael-team-member\" data-id=\"a77f6a6\" data-element_type=\"widget\" data-e-type=\"widget\" id=\"panel-team-item\" data-widget_type=\"eael-team-member.default\">\n\t\t\t\t<div class=\"elementor-widget-container\">\n\t\t\t\t\t\n\n\t<div id=\"eael-team-member-a77f6a6\" class=\"eael-team-item eael-team-members-simple \">\n\t\t<div class=\"eael-team-item-inner\">\n\t\t\t<div class=\"eael-team-image\">\n\t\t\t\t<figure>\n\t\t\t\t\t\t\t\t\t\t<img decoding=\"async\" src=\"https:\/\/rapos.cz\/wp-content\/uploads\/2019\/07\/21.jpg\" alt=\"\">\n\t\t\t\t\t\t\t\t\t<\/figure>\n\t\t\t\t\n\t\t\t\t\n\t\t\t<\/div>\n\n\t\t\t<div class=\"eael-team-content\">\n\t\t\t\t<h2 class=\"eael-team-member-name\">Radim Bart\u00e1k<\/h2><h3 class=\"eael-team-member-position\">vedouc\u00ed st\u0159ediska<\/h3>\n\t\t\t\t\t\t\t\t\t\t\t\t\t\t<p class=\"eael-team-text\"><i class=\"fa fa-phone\"><\/i> &nbsp; 606 734 355\n<br \/>\n<i class=\"fa fa-envelope\"><\/i>  &nbsp; bartak@rapos.cz<\/p>\n\t\t\t\t\t\t\t<\/div>\n\t\t<\/div>\n\t<\/div>\n\t\t\t\t\t<\/div>\n\t\t\t\t<\/div>\n\t\t\t\t\t<\/div>\n\t\t<\/div>\n\t\t\t\t<div class=\"elementor-column elementor-col-25 elementor-top-column elementor-element elementor-element-3fae214\" data-id=\"3fae214\" data-element_type=\"column\" data-e-type=\"column\" id=\"panel-team\">\n\t\t\t<div class=\"elementor-widget-wrap elementor-element-populated\">\n\t\t\t\t\t\t<div class=\"elementor-element elementor-element-6c45dcd eael-team-align-centered elementor-widget elementor-widget-eael-team-member\" data-id=\"6c45dcd\" data-element_type=\"widget\" data-e-type=\"widget\" id=\"panel-team-item\" data-widget_type=\"eael-team-member.default\">\n\t\t\t\t<div class=\"elementor-widget-container\">\n\t\t\t\t\t\n\n\t<div id=\"eael-team-member-6c45dcd\" class=\"eael-team-item eael-team-members-simple \">\n\t\t<div class=\"eael-team-item-inner\">\n\t\t\t<div class=\"eael-team-image\">\n\t\t\t\t<figure>\n\t\t\t\t\t\t\t\t\t\t<img decoding=\"async\" src=\"https:\/\/rapos.cz\/wp-content\/uploads\/2023\/03\/20230317_083429_zmenseni_uprava-1.jpg\" alt=\"\">\n\t\t\t\t\t\t\t\t\t<\/figure>\n\t\t\t\t\n\t\t\t\t\n\t\t\t<\/div>\n\n\t\t\t<div class=\"eael-team-content\">\n\t\t\t\t<h2 class=\"eael-team-member-name\">Martin Novotn\u00fd<\/h2><h3 class=\"eael-team-member-position\">stavbyvedouc\u00ed<\/h3>\n\t\t\t\t\t\t\t\t\t\t\t\t\t\t<p class=\"eael-team-text\"><i class=\"fa fa-phone\"><\/i> &nbsp; 733 678 613\n<br \/>\n<i class=\"fa fa-envelope\"><\/i>  &nbsp;novotny@rapos.cz<\/p>\n\t\t\t\t\t\t\t<\/div>\n\t\t<\/div>\n\t<\/div>\n\t\t\t\t\t<\/div>\n\t\t\t\t<\/div>\n\t\t\t\t\t<\/div>\n\t\t<\/div>\n\t\t\t\t<div class=\"elementor-column elementor-col-25 elementor-top-column elementor-element elementor-element-4a70b2e\" data-id=\"4a70b2e\" data-element_type=\"column\" data-e-type=\"column\" id=\"panel-team\">\n\t\t\t<div class=\"elementor-widget-wrap elementor-element-populated\">\n\t\t\t\t\t\t<div class=\"elementor-element elementor-element-52f458c eael-team-align-centered elementor-widget elementor-widget-eael-team-member\" data-id=\"52f458c\" data-element_type=\"widget\" data-e-type=\"widget\" id=\"panel-team-item\" data-widget_type=\"eael-team-member.default\">\n\t\t\t\t<div class=\"elementor-widget-container\">\n\t\t\t\t\t\n\n\t<div id=\"eael-team-member-52f458c\" class=\"eael-team-item eael-team-members-simple \">\n\t\t<div class=\"eael-team-item-inner\">\n\t\t\t<div class=\"eael-team-image\">\n\t\t\t\t<figure>\n\t\t\t\t\t\t\t\t\t\t<img decoding=\"async\" src=\"https:\/\/rapos.cz\/wp-content\/uploads\/2019\/07\/7.jpg\" alt=\"\">\n\t\t\t\t\t\t\t\t\t<\/figure>\n\t\t\t\t\n\t\t\t\t\n\t\t\t<\/div>\n\n\t\t\t<div class=\"eael-team-content\">\n\t\t\t\t<h2 class=\"eael-team-member-name\">Milan Posp\u00ed\u0161il<\/h2><h3 class=\"eael-team-member-position\">stavbyvedouc\u00ed<\/h3>\n\t\t\t\t\t\t\t\t\t\t\t\t\t\t<p class=\"eael-team-text\"><i class=\"fa fa-phone\"><\/i> &nbsp; 724 579 392\n<br \/>\n<i class=\"fa fa-envelope\"><\/i>  &nbsp;milan.pospisil@rapos.cz<\/p>\n\t\t\t\t\t\t\t<\/div>\n\t\t<\/div>\n\t<\/div>\n\t\t\t\t\t<\/div>\n\t\t\t\t<\/div>\n\t\t\t\t\t<\/div>\n\t\t<\/div>\n\t\t\t\t<div class=\"elementor-column elementor-col-25 elementor-top-column elementor-element elementor-element-fea4191\" data-id=\"fea4191\" data-element_type=\"column\" data-e-type=\"column\" id=\"panel-team\">\n\t\t\t<div class=\"elementor-widget-wrap elementor-element-populated\">\n\t\t\t\t\t\t<div class=\"elementor-element elementor-element-bd5b6f0 eael-team-align-centered elementor-widget elementor-widget-eael-team-member\" data-id=\"bd5b6f0\" data-element_type=\"widget\" data-e-type=\"widget\" id=\"panel-team-item\" data-widget_type=\"eael-team-member.default\">\n\t\t\t\t<div class=\"elementor-widget-container\">\n\t\t\t\t\t\n\n\t<div id=\"eael-team-member-bd5b6f0\" class=\"eael-team-item eael-team-members-simple \">\n\t\t<div class=\"eael-team-item-inner\">\n\t\t\t<div class=\"eael-team-image\">\n\t\t\t\t<figure>\n\t\t\t\t\t\t\t\t\t\t<img decoding=\"async\" src=\"https:\/\/rapos.cz\/wp-content\/uploads\/2019\/07\/1.jpg\" alt=\"\">\n\t\t\t\t\t\t\t\t\t<\/figure>\n\t\t\t\t\n\t\t\t\t\n\t\t\t<\/div>\n\n\t\t\t<div class=\"eael-team-content\">\n\t\t\t\t<h2 class=\"eael-team-member-name\">Ing. Mari\u00e1n Sehnal<\/h2><h3 class=\"eael-team-member-position\">stavbyvedouc\u00ed<\/h3>\n\t\t\t\t\t\t\t\t\t\t\t\t\t\t<p class=\"eael-team-text\"><i class=\"fa fa-phone\"><\/i> &nbsp; 602 779 069\n<br \/>\n<i class=\"fa fa-envelope\"><\/i>  &nbsp;sehnal@rapos.cz<\/p>\n\t\t\t\t\t\t\t<\/div>\n\t\t<\/div>\n\t<\/div>\n\t\t\t\t\t<\/div>\n\t\t\t\t<\/div>\n\t\t\t\t\t<\/div>\n\t\t<\/div>\n\t\t\t\t\t<\/div>\n\t\t<\/section>\n\t\t\t\t<section class=\"elementor-section elementor-top-section elementor-element elementor-element-54e3a9e elementor-section-full_width elementor-section-height-default elementor-section-height-default\" data-id=\"54e3a9e\" data-element_type=\"section\" data-e-type=\"section\">\n\t\t\t\t\t\t<div class=\"elementor-container elementor-column-gap-wider\">\n\t\t\t\t\t<div class=\"elementor-column elementor-col-33 elementor-top-column elementor-element elementor-element-ab7e593\" data-id=\"ab7e593\" data-element_type=\"column\" data-e-type=\"column\" id=\"panel-team\">\n\t\t\t<div class=\"elementor-widget-wrap elementor-element-populated\">\n\t\t\t\t\t\t<div class=\"elementor-element elementor-element-0667745 eael-team-align-centered elementor-widget elementor-widget-eael-team-member\" data-id=\"0667745\" data-element_type=\"widget\" data-e-type=\"widget\" id=\"panel-team-item\" data-widget_type=\"eael-team-member.default\">\n\t\t\t\t<div class=\"elementor-widget-container\">\n\t\t\t\t\t\n\n\t<div id=\"eael-team-member-0667745\" class=\"eael-team-item eael-team-members-simple \">\n\t\t<div class=\"eael-team-item-inner\">\n\t\t\t<div class=\"eael-team-image\">\n\t\t\t\t<figure>\n\t\t\t\t\t\t\t\t\t\t<img decoding=\"async\" src=\"https:\/\/rapos.cz\/wp-content\/uploads\/2023\/03\/20230316_131255_zmenseni_uprava.jpg\" alt=\"\">\n\t\t\t\t\t\t\t\t\t<\/figure>\n\t\t\t\t\n\t\t\t\t\n\t\t\t<\/div>\n\n\t\t\t<div class=\"eael-team-content\">\n\t\t\t\t<h2 class=\"eael-team-member-name\">Milan Z\u00e1vrbsk\u00fd<\/h2><h3 class=\"eael-team-member-position\">stavbyvedouc\u00ed<\/h3>\n\t\t\t\t\t\t\t\t\t\t\t\t\t\t<p class=\"eael-team-text\"><i class=\"fa fa-phone\"><\/i> &nbsp; 776 814 987\n<br \/>\n<i class=\"fa fa-envelope\"><\/i>  &nbsp; zavrbsky@rapos.cz<\/p>\n\t\t\t\t\t\t\t<\/div>\n\t\t<\/div>\n\t<\/div>\n\t\t\t\t\t<\/div>\n\t\t\t\t<\/div>\n\t\t\t\t\t<\/div>\n\t\t<\/div>\n\t\t\t\t<div class=\"elementor-column elementor-col-33 elementor-top-column elementor-element elementor-element-cbae498\" data-id=\"cbae498\" data-element_type=\"column\" data-e-type=\"column\" id=\"panel-team\">\n\t\t\t<div class=\"elementor-widget-wrap\">\n\t\t\t\t\t\t\t<\/div>\n\t\t<\/div>\n\t\t\t\t<div class=\"elementor-column elementor-col-33 elementor-top-column elementor-element elementor-element-455ece4\" data-id=\"455ece4\" data-element_type=\"column\" data-e-type=\"column\" id=\"panel-team\">\n\t\t\t<div class=\"elementor-widget-wrap\">\n\t\t\t\t\t\t\t<\/div>\n\t\t<\/div>\n\t\t\t\t\t<\/div>\n\t\t<\/section>\n\t\t\t\t<\/div>\n\t\t","protected":false},"excerpt":{"rendered":"<p>Radim Bart\u00e1k vedouc\u00ed st\u0159ediska &nbsp; 606 734 355 &nbsp; bartak@rapos.cz Martin Novotn\u00fd stavbyvedouc\u00ed &nbsp; 733 678 613 &nbsp;novotny@rapos.cz Milan Posp\u00ed\u0161il stavbyvedouc\u00ed &nbsp; 724 579 392 &nbsp;milan.pospisil@rapos.cz Ing. Mari\u00e1n Sehnal stavbyvedouc\u00ed &nbsp; 602 779 069 &nbsp;sehnal@rapos.cz Milan Z\u00e1vrbsk\u00fd stavbyvedouc\u00ed &nbsp; 776 814 987 &nbsp; zavrbsky@rapos.cz<\/p>\n","protected":false},"author":1,"featured_media":0,"parent":67,"menu_order":0,"comment_status":"closed","ping_status":"closed","template":"pages\/page-contact.php","meta":{"footnotes":""},"class_list":["post-445","page","type-page","status-publish","hentry"],"_links":{"self":[{"href":"https:\/\/rapos.cz\/de\/wp-json\/wp\/v2\/pages\/445","targetHints":{"allow":["GET"]}}],"collection":[{"href":"https:\/\/rapos.cz\/de\/wp-json\/wp\/v2\/pages"}],"about":[{"href":"https:\/\/rapos.cz\/de\/wp-json\/wp\/v2\/types\/page"}],"author":[{"embeddable":true,"href":"https:\/\/rapos.cz\/de\/wp-json\/wp\/v2\/users\/1"}],"replies":[{"embeddable":true,"href":"https:\/\/rapos.cz\/de\/wp-json\/wp\/v2\/comments?post=445"}],"version-history":[{"count":82,"href":"https:\/\/rapos.cz\/de\/wp-json\/wp\/v2\/pages\/445\/revisions"}],"predecessor-version":[{"id":5746,"href":"https:\/\/rapos.cz\/de\/wp-json\/wp\/v2\/pages\/445\/revisions\/5746"}],"up":[{"embeddable":true,"href":"https:\/\/rapos.cz\/de\/wp-json\/wp\/v2\/pages\/67"}],"wp:attachment":[{"href":"https:\/\/rapos.cz\/de\/wp-json\/wp\/v2\/media?parent=445"}],"curies":[{"name":"wp","href":"https:\/\/api.w.org\/{rel}","templated":true}]}}