{"id":422,"date":"2019-05-06T01:29:33","date_gmt":"2019-05-05T23:29:33","guid":{"rendered":"http:\/\/www.rapos.martinhoracek.cz\/?page_id=422"},"modified":"2019-08-15T16:18:37","modified_gmt":"2019-08-15T14:18:37","slug":"prumyslove-stavby","status":"publish","type":"page","link":"https:\/\/rapos.cz\/de\/reference-rapos\/prumyslove-stavby\/","title":{"rendered":"Pr\u016fmyslov\u00ed stavby"},"content":{"rendered":" <div class=\"col page-sub-menu foogallery-album\"><nav class=\"nav nav-pills nav-fill\">\n  <li id=\"menu-item-343\" class=\"menu-item menu-item-type-post_type menu-item-object-page first menu-item-343\"><a href=\"https:\/\/rapos.cz\/de\/reference-rapos\/\">Reference<\/a><\/li>\n<li id=\"menu-item-414\" class=\"menu-item menu-item-type-post_type menu-item-object-page menu-item-414\"><a href=\"https:\/\/rapos.cz\/de\/reference-rapos\/komerecni-prostory\/\">Komer\u010dn\u00ed prostory<\/a><\/li>\n<li id=\"menu-item-424\" class=\"menu-item menu-item-type-post_type menu-item-object-page menu-item-424\"><a href=\"https:\/\/rapos.cz\/de\/reference-rapos\/prumyslove-stavby\/\">Pr\u016fmyslov\u00ed stavby<\/a><\/li>\n<li id=\"menu-item-431\" class=\"menu-item menu-item-type-post_type menu-item-object-page last menu-item-431\"><a href=\"https:\/\/rapos.cz\/de\/reference-rapos\/historicke-objekty-2\/\">Historick\u00e9 budovy<\/a><\/li>\n<\/nav>  <\/div>\n<style type=\"text\/css\">.foogallery-album-gallery-list .foogallery-pile h3 { background: #fff !important; }.foogallery-album-gallery-list .foogallery-pile h3 { color: #000000 !important; }<\/style><div id=\"foogallery-album-421\" class=\"foogallery-album\" >\n\t<ul class=\"foogallery-album-gallery-list alignment-left\">\n\t\t\t\t\t\t<li>\n\t\t\t\t\t<div class=\"foogallery-pile\">\n\t\t\t\t\t\t<div class=\"foogallery-pile-inner\">\n\t\t\t\t\t\t\t<a href=\"https:\/\/rapos.cz\/de\/reference-rapos\/prumyslove-stavby\/gallery\/rekonstrukce-a-pristavba-vyrobniho-arealu-firmy-navlacil-v-tlumacove\" target=\"_self\">\n\t\t\t\t\t\t\t\t<div class=\"image-cover\"><img fetchpriority=\"high\" decoding=\"async\"  src=\"https:\/\/rapos.cz\/wp-content\/uploads\/cache\/2019\/05\/DSC_5062\/2456054958.jpg\" width=\"420\" height=\"200\" \/><\/div>\n\t\t\t\t\t\t\t\t\t\t\t\t\t\t\t\t<h3>Rekonstrukce a p\u0159\u00edstavba v\u00fdrobn\u00edho are\u00e1lu v Tluma\u010dov\u011b\t\t\t\t\t\t\t\t\t<span>4 images<\/span>\n\t\t\t\t\t\t\t\t<\/h3>\n\t\t\t\t\t\t\t<\/a>\n\t\t\t\t\t\t<\/div>\n\t\t\t\t\t<\/div>\n\t\t\t\t<\/li>\n\t\t\t\t\t\t\t\t\t<li>\n\t\t\t\t\t<div class=\"foogallery-pile\">\n\t\t\t\t\t\t<div class=\"foogallery-pile-inner\">\n\t\t\t\t\t\t\t<a href=\"https:\/\/rapos.cz\/de\/reference-rapos\/prumyslove-stavby\/gallery\/rekonstrukce-zavodu-koma-vizovice\" target=\"_self\">\n\t\t\t\t\t\t\t\t<div class=\"image-cover\"><img decoding=\"async\"  src=\"https:\/\/rapos.cz\/wp-content\/uploads\/cache\/2019\/05\/KOMA-VIZOVICE-01\/961977130.jpg\" width=\"420\" height=\"200\" \/><\/div>\n\t\t\t\t\t\t\t\t\t\t\t\t\t\t\t\t<h3>Rekonstrukce z\u00e1vodu KOMA Vizovice\t\t\t\t\t\t\t\t\t<span>4 images<\/span>\n\t\t\t\t\t\t\t\t<\/h3>\n\t\t\t\t\t\t\t<\/a>\n\t\t\t\t\t\t<\/div>\n\t\t\t\t\t<\/div>\n\t\t\t\t<\/li>\n\t\t\t\t\t\t\t\t\t<li>\n\t\t\t\t\t<div class=\"foogallery-pile\">\n\t\t\t\t\t\t<div class=\"foogallery-pile-inner\">\n\t\t\t\t\t\t\t<a href=\"https:\/\/rapos.cz\/de\/reference-rapos\/prumyslove-stavby\/gallery\/servisni-prodejna-firmy-januska-kompresory-v-lukove-2\" target=\"_self\">\n\t\t\t\t\t\t\t\t<div class=\"image-cover\"><img decoding=\"async\"  src=\"https:\/\/rapos.cz\/wp-content\/uploads\/cache\/2019\/05\/januska-1\/679137797.jpg\" width=\"420\" height=\"200\" \/><\/div>\n\t\t\t\t\t\t\t\t\t\t\t\t\t\t\t\t<h3>Servisn\u00ed prodejna firmy Janu\u0161ka kompresory v Lukov\u011b\t\t\t\t\t\t\t\t\t<span>5 images<\/span>\n\t\t\t\t\t\t\t\t<\/h3>\n\t\t\t\t\t\t\t<\/a>\n\t\t\t\t\t\t<\/div>\n\t\t\t\t\t<\/div>\n\t\t\t\t<\/li>\n\t\t\t\t\t\t\t\t\t<li>\n\t\t\t\t\t<div class=\"foogallery-pile\">\n\t\t\t\t\t\t<div class=\"foogallery-pile-inner\">\n\t\t\t\t\t\t\t<a href=\"https:\/\/rapos.cz\/de\/reference-rapos\/prumyslove-stavby\/gallery\/vystavba-provozu-lukov-firmy-parabel\" target=\"_self\">\n\t\t\t\t\t\t\t\t<div class=\"image-cover\"><img loading=\"lazy\" decoding=\"async\"  src=\"https:\/\/rapos.cz\/wp-content\/uploads\/cache\/2019\/05\/Parabel-2\/1935458307.jpg\" width=\"420\" height=\"200\" \/><\/div>\n\t\t\t\t\t\t\t\t\t\t\t\t\t\t\t\t<h3>V\u00fdstavba provozn\u00edho are\u00e1lu firmy PARABEL v Lukov\u011b\t\t\t\t\t\t\t\t\t<span>3 images<\/span>\n\t\t\t\t\t\t\t\t<\/h3>\n\t\t\t\t\t\t\t<\/a>\n\t\t\t\t\t\t<\/div>\n\t\t\t\t\t<\/div>\n\t\t\t\t<\/li>\n\t\t\t\t\t\t\t\t\t<li>\n\t\t\t\t\t<div class=\"foogallery-pile\">\n\t\t\t\t\t\t<div class=\"foogallery-pile-inner\">\n\t\t\t\t\t\t\t<a href=\"https:\/\/rapos.cz\/de\/reference-rapos\/prumyslove-stavby\/gallery\/rekonstrukce-skladu-chemickych-latek-a-skladu-surovin-2\" target=\"_self\">\n\t\t\t\t\t\t\t\t<div class=\"image-cover\"><img loading=\"lazy\" decoding=\"async\"  src=\"https:\/\/rapos.cz\/wp-content\/uploads\/cache\/2019\/07\/DSC_2256\/1208606048.jpg\" width=\"420\" height=\"200\" \/><\/div>\n\t\t\t\t\t\t\t\t\t\t\t\t\t\t\t\t<h3>Rekonstrukce le\u017e\u00e1ck\u00fdch sklep\u016f v pivovaru ZUBR v P\u0159erov\u011b\t\t\t\t\t\t\t\t\t<span>3 images<\/span>\n\t\t\t\t\t\t\t\t<\/h3>\n\t\t\t\t\t\t\t<\/a>\n\t\t\t\t\t\t<\/div>\n\t\t\t\t\t<\/div>\n\t\t\t\t<\/li>\n\t\t\t\t\t\t\t\t\t<li>\n\t\t\t\t\t<div class=\"foogallery-pile\">\n\t\t\t\t\t\t<div class=\"foogallery-pile-inner\">\n\t\t\t\t\t\t\t<a href=\"https:\/\/rapos.cz\/de\/reference-rapos\/prumyslove-stavby\/gallery\/vyrobni-areal-firmy-trachea-v-holesove-2\" target=\"_self\">\n\t\t\t\t\t\t\t\t<div class=\"image-cover\"><img loading=\"lazy\" decoding=\"async\"  src=\"https:\/\/rapos.cz\/wp-content\/uploads\/cache\/2019\/12\/trach3\/3633657659.jpg\" width=\"420\" height=\"200\" \/><\/div>\n\t\t\t\t\t\t\t\t\t\t\t\t\t\t\t\t<h3>Rekonstrukce v\u00fdrobn\u00edho are\u00e1lu spole\u010dnosti TRACHEA v Hole\u0161ov\u011b\t\t\t\t\t\t\t\t\t<span>7 images<\/span>\n\t\t\t\t\t\t\t\t<\/h3>\n\t\t\t\t\t\t\t<\/a>\n\t\t\t\t\t\t<\/div>\n\t\t\t\t\t<\/div>\n\t\t\t\t<\/li>\n\t\t\t\t\t\t\t\t\t<li>\n\t\t\t\t\t<div class=\"foogallery-pile\">\n\t\t\t\t\t\t<div class=\"foogallery-pile-inner\">\n\t\t\t\t\t\t\t<a href=\"https:\/\/rapos.cz\/de\/reference-rapos\/prumyslove-stavby\/gallery\/revitalizace-arealu-firmy-paliva-v-holesove\" target=\"_self\">\n\t\t\t\t\t\t\t\t<div class=\"image-cover\"><img loading=\"lazy\" decoding=\"async\"  src=\"https:\/\/rapos.cz\/wp-content\/uploads\/cache\/2019\/07\/DSC_6250-e1564490130219\/719619983.jpg\" width=\"420\" height=\"200\" \/><\/div>\n\t\t\t\t\t\t\t\t\t\t\t\t\t\t\t\t<h3>Revitalizace are\u00e1lu firmy PALIVA v Hole\u0161ov\u011b\t\t\t\t\t\t\t\t\t<span>3 images<\/span>\n\t\t\t\t\t\t\t\t<\/h3>\n\t\t\t\t\t\t\t<\/a>\n\t\t\t\t\t\t<\/div>\n\t\t\t\t\t<\/div>\n\t\t\t\t<\/li>\n\t\t\t\t\t\t\t\t\t<li>\n\t\t\t\t\t<div class=\"foogallery-pile\">\n\t\t\t\t\t\t<div class=\"foogallery-pile-inner\">\n\t\t\t\t\t\t\t<a href=\"https:\/\/rapos.cz\/de\/reference-rapos\/prumyslove-stavby\/gallery\/energeticka-optimalizace-vyrobni-haly-ton-a-s-v-bystrici-pod-hostynem-2\" target=\"_self\">\n\t\t\t\t\t\t\t\t<div class=\"image-cover\"><img loading=\"lazy\" decoding=\"async\"  src=\"https:\/\/rapos.cz\/wp-content\/uploads\/cache\/2019\/08\/DSC_0011\/3682209706.jpg\" width=\"420\" height=\"200\" \/><\/div>\n\t\t\t\t\t\t\t\t\t\t\t\t\t\t\t\t<h3>Energetick\u00e1 optimalizace v\u00fdrobn\u00ed haly TON a.s. v Byst\u0159ici pod Host\u00fdnem\t\t\t\t\t\t\t\t\t<span>2 images<\/span>\n\t\t\t\t\t\t\t\t<\/h3>\n\t\t\t\t\t\t\t<\/a>\n\t\t\t\t\t\t<\/div>\n\t\t\t\t\t<\/div>\n\t\t\t\t<\/li>\n\t\t\t\t\t\t\t\t\t<li>\n\t\t\t\t\t<div class=\"foogallery-pile\">\n\t\t\t\t\t\t<div class=\"foogallery-pile-inner\">\n\t\t\t\t\t\t\t<a href=\"https:\/\/rapos.cz\/de\/reference-rapos\/prumyslove-stavby\/gallery\/opravy-polniho-hnojiste-poruba-2\" target=\"_self\">\n\t\t\t\t\t\t\t\t<div class=\"image-cover\"><img loading=\"lazy\" decoding=\"async\"  src=\"https:\/\/rapos.cz\/wp-content\/uploads\/cache\/2019\/08\/hnojnik-7\/2741956470.jpg\" width=\"420\" height=\"200\" \/><\/div>\n\t\t\t\t\t\t\t\t\t\t\t\t\t\t\t\t<h3>Opravy poln\u00edho hnoji\u0161t\u011b Poruba\t\t\t\t\t\t\t\t\t<span>3 images<\/span>\n\t\t\t\t\t\t\t\t<\/h3>\n\t\t\t\t\t\t\t<\/a>\n\t\t\t\t\t\t<\/div>\n\t\t\t\t\t<\/div>\n\t\t\t\t<\/li>\n\t\t\t\t\t\t\t\t\t<li>\n\t\t\t\t\t<div class=\"foogallery-pile\">\n\t\t\t\t\t\t<div class=\"foogallery-pile-inner\">\n\t\t\t\t\t\t\t<a href=\"https:\/\/rapos.cz\/de\/reference-rapos\/prumyslove-stavby\/gallery\/pristavba-haly-logistickeho-centra-madal-bal-ve-zline-2\" target=\"_self\">\n\t\t\t\t\t\t\t\t<div class=\"image-cover\"><img loading=\"lazy\" decoding=\"async\"  src=\"https:\/\/rapos.cz\/wp-content\/uploads\/cache\/2019\/08\/DSC_2519\/2890627474.jpg\" width=\"420\" height=\"200\" \/><\/div>\n\t\t\t\t\t\t\t\t\t\t\t\t\t\t\t\t<h3>P\u0159\u00edstavba haly logistick\u00e9ho centra Madal Bal ve Zl\u00edn\u011b\t\t\t\t\t\t\t\t\t<span>2 images<\/span>\n\t\t\t\t\t\t\t\t<\/h3>\n\t\t\t\t\t\t\t<\/a>\n\t\t\t\t\t\t<\/div>\n\t\t\t\t\t<\/div>\n\t\t\t\t<\/li>\n\t\t\t\t\t\t\t\t\t<li>\n\t\t\t\t\t<div class=\"foogallery-pile\">\n\t\t\t\t\t\t<div class=\"foogallery-pile-inner\">\n\t\t\t\t\t\t\t<a href=\"https:\/\/rapos.cz\/de\/reference-rapos\/prumyslove-stavby\/gallery\/administrativni-budova-polyvia-nova\" target=\"_self\">\n\t\t\t\t\t\t\t\t<div class=\"image-cover\"><img loading=\"lazy\" decoding=\"async\"  src=\"https:\/\/rapos.cz\/wp-content\/uploads\/cache\/2019\/08\/DSC_5271-e1565000447896\/2986402080.jpg\" width=\"420\" height=\"200\" \/><\/div>\n\t\t\t\t\t\t\t\t\t\t\t\t\t\t\t\t<h3>Administrativn\u00ed budova POLYVIA NOVA\t\t\t\t\t\t\t\t\t<span>5 images<\/span>\n\t\t\t\t\t\t\t\t<\/h3>\n\t\t\t\t\t\t\t<\/a>\n\t\t\t\t\t\t<\/div>\n\t\t\t\t\t<\/div>\n\t\t\t\t<\/li>\n\t\t\t\t\t\t\t\t\t<li>\n\t\t\t\t\t<div class=\"foogallery-pile\">\n\t\t\t\t\t\t<div class=\"foogallery-pile-inner\">\n\t\t\t\t\t\t\t<a href=\"https:\/\/rapos.cz\/de\/reference-rapos\/prumyslove-stavby\/gallery\/rekonstrukce-kuchyne-ve-vyrobnim-podniku\" target=\"_self\">\n\t\t\t\t\t\t\t\t<div class=\"image-cover\"><img loading=\"lazy\" decoding=\"async\"  src=\"https:\/\/rapos.cz\/wp-content\/uploads\/cache\/2020\/03\/robe-3_u\/3296810660.jpg\" width=\"420\" height=\"200\" \/><\/div>\n\t\t\t\t\t\t\t\t\t\t\t\t\t\t\t\t<h3>Rekonstrukce kuchyn\u011b ve v\u00fdrobn\u00edm podniku\t\t\t\t\t\t\t\t\t<span>6 images<\/span>\n\t\t\t\t\t\t\t\t<\/h3>\n\t\t\t\t\t\t\t<\/a>\n\t\t\t\t\t\t<\/div>\n\t\t\t\t\t<\/div>\n\t\t\t\t<\/li>\n\t\t\t\t\t\t<\/ul>\n\t<div style=\"clear: both;\"><\/div>\n<\/div>\n\n","protected":false},"excerpt":{"rendered":"","protected":false},"author":1,"featured_media":0,"parent":326,"menu_order":0,"comment_status":"closed","ping_status":"closed","template":"pages\/page-reference.php","meta":{"footnotes":""},"class_list":["post-422","page","type-page","status-publish","hentry"],"_links":{"self":[{"href":"https:\/\/rapos.cz\/de\/wp-json\/wp\/v2\/pages\/422","targetHints":{"allow":["GET"]}}],"collection":[{"href":"https:\/\/rapos.cz\/de\/wp-json\/wp\/v2\/pages"}],"about":[{"href":"https:\/\/rapos.cz\/de\/wp-json\/wp\/v2\/types\/page"}],"author":[{"embeddable":true,"href":"https:\/\/rapos.cz\/de\/wp-json\/wp\/v2\/users\/1"}],"replies":[{"embeddable":true,"href":"https:\/\/rapos.cz\/de\/wp-json\/wp\/v2\/comments?post=422"}],"version-history":[{"count":7,"href":"https:\/\/rapos.cz\/de\/wp-json\/wp\/v2\/pages\/422\/revisions"}],"predecessor-version":[{"id":2206,"href":"https:\/\/rapos.cz\/de\/wp-json\/wp\/v2\/pages\/422\/revisions\/2206"}],"up":[{"embeddable":true,"href":"https:\/\/rapos.cz\/de\/wp-json\/wp\/v2\/pages\/326"}],"wp:attachment":[{"href":"https:\/\/rapos.cz\/de\/wp-json\/wp\/v2\/media?parent=422"}],"curies":[{"name":"wp","href":"https:\/\/api.w.org\/{rel}","templated":true}]}}