{"id":380,"date":"2019-05-06T00:00:32","date_gmt":"2019-05-05T22:00:32","guid":{"rendered":"http:\/\/www.rapos.martinhoracek.cz\/de\/?page_id=380"},"modified":"2025-04-07T13:53:41","modified_gmt":"2025-04-07T11:53:41","slug":"pracovni-mista","status":"publish","type":"page","link":"https:\/\/rapos.cz\/de\/o-spolecnosti\/pracovni-mista\/","title":{"rendered":"Pracovn\u00ed m\u00edsta"},"content":{"rendered":"<div class=\"container-fluid\">\n<div class=\"row-fluid\">\n<div class=\"col-md-12 detail detail-spolecnost\">\n<h2>Uchaze\u010di o pr\u00e1ci<\/h2>\n<div class=\"elementor elementor-380\" data-elementor-type=\"post\" data-elementor-id=\"380\" data-elementor-settings=\"[]\">\n<div class=\"elementor-inner\">\n<div class=\"elementor-section-wrap\">\n<section class=\"elementor-element elementor-element-64a816e elementor-section-full_width elementor-section-height-default elementor-section-height-default elementor-section elementor-top-section\" data-id=\"64a816e\" data-element_type=\"section\">\n<div class=\"elementor-container elementor-column-gap-default\">\n<div class=\"elementor-row\">\n<div class=\"elementor-element elementor-element-d4cdf0c elementor-column elementor-col-100 elementor-top-column\" data-id=\"d4cdf0c\" data-element_type=\"column\">\n<div class=\"elementor-column-wrap elementor-element-populated\">\n<div class=\"elementor-widget-wrap\">\n<div class=\"elementor-element elementor-element-02f0c16 elementor-widget elementor-widget-text-editor animated fadeIn\" data-id=\"02f0c16\" data-element_type=\"widget\" data-settings=\"{\" data-widget_type=\"text-editor.default\">\n<div class=\"elementor-widget-container\">\n<div class=\"elementor-text-editor elementor-clearfix\">\n<p>Hled\u00e1me spolupracovnice a spolupracovn\u00edky na hlavn\u00ed pracovn\u00ed pom\u011br na n\u00ed\u017ee uveden\u00e9 pracovn\u00ed pozice:<\/p>\n<ul>\n<li><strong>zedn\u00edk<\/strong><\/li>\n<li><strong>z\u00e1me\u010dn\u00edk<\/strong><\/li>\n<li><strong>pokr\u00fdva\u010d<\/strong><\/li>\n<li><strong>klemp\u00ed\u0159<\/strong><\/li>\n<li><strong>tesa\u0159<\/strong><\/li>\n<li><strong>stavebn\u00ed d\u011bln\u00edk<\/strong><\/li>\n<\/ul>\n<\/div>\n<\/div>\n<\/div>\n<\/div>\n<\/div>\n<\/div>\n<\/div>\n<\/div>\n<\/section>\n<section class=\"elementor-element elementor-element-f7f5095 elementor-section-full_width elementor-section-height-default elementor-section-height-default elementor-section elementor-top-section\" data-id=\"f7f5095\" data-element_type=\"section\">\n<div class=\"elementor-container elementor-column-gap-default\">\n<div class=\"elementor-row\">\n<div class=\"elementor-element elementor-element-0487a6d elementor-column elementor-col-100 elementor-top-column\" data-id=\"0487a6d\" data-element_type=\"column\">\n<div class=\"elementor-column-wrap elementor-element-populated\">\n<div class=\"elementor-widget-wrap\">\n<div class=\"elementor-element elementor-element-4ea8637 elementor-widget elementor-widget-heading\" data-id=\"4ea8637\" data-element_type=\"widget\" data-widget_type=\"heading.default\">\n<div class=\"elementor-widget-container\">\n<h3><\/h3>\n<h3 class=\"elementor-heading-title elementor-size-medium\">Uchaze\u010di o brig\u00e1du, st\u00e1\u017e, povinnou praxi<\/h3>\n<\/div>\n<\/div>\n<\/div>\n<\/div>\n<\/div>\n<\/div>\n<\/div>\n<\/section>\n<section class=\"elementor-element elementor-element-19f6d3c elementor-section-full_width elementor-section-height-default elementor-section-height-default elementor-section elementor-top-section\" data-id=\"19f6d3c\" data-element_type=\"section\">\n<div class=\"elementor-container elementor-column-gap-default\">\n<div class=\"elementor-row\">\n<div class=\"elementor-element elementor-element-97df967 elementor-column elementor-col-100 elementor-top-column\" data-id=\"97df967\" data-element_type=\"column\">\n<div class=\"elementor-column-wrap elementor-element-populated\">\n<div class=\"elementor-widget-wrap\">\n<div class=\"elementor-element elementor-element-9dbace2 elementor-widget elementor-widget-text-editor\" data-id=\"9dbace2\" data-element_type=\"widget\" data-widget_type=\"text-editor.default\">\n<div class=\"elementor-widget-container\">\n<div class=\"elementor-text-editor elementor-clearfix\">\n<p>St\u0159edo\u0161kolsk\u00e9 i vysoko\u0161kolsk\u00e9 studentky a studenti u n\u00e1s mohou absolvovat brig\u00e1du, st\u00e1\u017e \u010di povinnou praxi.<\/p>\n<\/div>\n<\/div>\n<\/div>\n<\/div>\n<\/div>\n<\/div>\n<\/div>\n<\/div>\n<\/section>\n<section class=\"elementor-element elementor-element-225ff93 elementor-section-full_width elementor-section-height-default elementor-section-height-default elementor-section elementor-top-section\" data-id=\"225ff93\" data-element_type=\"section\">\n<div class=\"elementor-container elementor-column-gap-default\">\n<div class=\"elementor-row\">\n<div class=\"elementor-element elementor-element-b8f811b elementor-column elementor-col-100 elementor-top-column\" data-id=\"b8f811b\" data-element_type=\"column\">\n<div class=\"elementor-column-wrap elementor-element-populated\">\n<div class=\"elementor-widget-wrap\">\n<div class=\"elementor-element elementor-element-df54ee8 elementor-widget elementor-widget-heading animated fadeInDown\" data-id=\"df54ee8\" data-element_type=\"widget\" data-settings=\"{\" data-widget_type=\"heading.default\">\n<div class=\"elementor-widget-container\">\n<h2><\/h2>\n<h3 class=\"elementor-heading-title elementor-size-medium\">Kontakt pro uchaze\u010de<\/h3>\n<\/div>\n<\/div>\n<\/div>\n<\/div>\n<\/div>\n<\/div>\n<\/div>\n<\/section>\n<section class=\"elementor-element elementor-element-3ba6cf3 elementor-section-full_width elementor-section-height-default elementor-section-height-default elementor-section elementor-top-section\" data-id=\"3ba6cf3\" data-element_type=\"section\">\n<div class=\"elementor-container elementor-column-gap-default\">\n<div class=\"elementor-row\">\n<div class=\"elementor-element elementor-element-7be1090 elementor-column elementor-col-100 elementor-top-column\" data-id=\"7be1090\" data-element_type=\"column\">\n<div class=\"elementor-column-wrap elementor-element-populated\">\n<div class=\"elementor-widget-wrap\">\n<div class=\"elementor-element elementor-element-1da562b elementor-widget elementor-widget-text-editor animated fadeIn\" data-id=\"1da562b\" data-element_type=\"widget\" data-settings=\"{\" data-widget_type=\"text-editor.default\">\n<div class=\"elementor-widget-container\">\n<div class=\"elementor-text-editor elementor-clearfix\">\n<p>Iva Dole\u017eelov\u00e1<br \/>\ntelefon: 573 398 311<br \/>\ne-mail:\u00a0 <a href=\"mailto:dolezalova@rapos.cz\">dolezelova@rapos.cz\u00a0<\/a><a href=\"mailto:dolezalova@rapos.cz\">\u00a0<\/a><\/p>\n<\/div>\n<\/div>\n<\/div>\n<\/div>\n<\/div>\n<\/div>\n<\/div>\n<\/div>\n<\/section>\n<section class=\"elementor-element elementor-element-4ffb52b elementor-section-full_width elementor-section-height-default elementor-section-height-default elementor-section elementor-top-section\" data-id=\"4ffb52b\" data-element_type=\"section\">\n<div class=\"elementor-container elementor-column-gap-default\">\n<div class=\"elementor-row\">\n<div class=\"elementor-element elementor-element-0a244c5 elementor-column elementor-col-100 elementor-top-column\" data-id=\"0a244c5\" data-element_type=\"column\">\n<div class=\"elementor-column-wrap elementor-element-populated\">\n<div class=\"elementor-widget-wrap\">\n<div class=\"elementor-element elementor-element-5af8d63 elementor-widget elementor-widget-heading animated fadeInDown\" data-id=\"5af8d63\" data-element_type=\"widget\" data-settings=\"{\" data-widget_type=\"heading.default\">\n<div class=\"elementor-widget-container\"><\/div>\n<\/div>\n<\/div>\n<\/div>\n<\/div>\n<\/div>\n<\/div>\n<\/section>\n<\/div>\n<\/div>\n<\/div>\n<p>&nbsp;<\/p>\n<\/div>\n<\/div>\n<\/div>\n","protected":false},"excerpt":{"rendered":"<p>Uchaze\u010di o pr\u00e1ci Hled\u00e1me spolupracovnice a spolupracovn\u00edky na hlavn\u00ed pracovn\u00ed pom\u011br na n\u00ed\u017ee uveden\u00e9 pracovn\u00ed pozice: zedn\u00edk z\u00e1me\u010dn\u00edk pokr\u00fdva\u010d klemp\u00ed\u0159 tesa\u0159 stavebn\u00ed d\u011bln\u00edk Uchaze\u010di o brig\u00e1du, st\u00e1\u017e, povinnou praxi St\u0159edo\u0161kolsk\u00e9 i vysoko\u0161kolsk\u00e9 studentky a studenti u n\u00e1s mohou absolvovat brig\u00e1du, st\u00e1\u017e \u010di povinnou praxi. Kontakt pro uchaze\u010de Iva Dole\u017eelov\u00e1 telefon: 573 398 311 e-mail:\u00a0 dolezelova@rapos.cz\u00a0\u00a0&#8230;<\/p>\n","protected":false},"author":1,"featured_media":0,"parent":91,"menu_order":0,"comment_status":"closed","ping_status":"closed","template":"pages\/page-spolecnost.php","meta":{"footnotes":""},"class_list":["post-380","page","type-page","status-publish","hentry"],"_links":{"self":[{"href":"https:\/\/rapos.cz\/de\/wp-json\/wp\/v2\/pages\/380","targetHints":{"allow":["GET"]}}],"collection":[{"href":"https:\/\/rapos.cz\/de\/wp-json\/wp\/v2\/pages"}],"about":[{"href":"https:\/\/rapos.cz\/de\/wp-json\/wp\/v2\/types\/page"}],"author":[{"embeddable":true,"href":"https:\/\/rapos.cz\/de\/wp-json\/wp\/v2\/users\/1"}],"replies":[{"embeddable":true,"href":"https:\/\/rapos.cz\/de\/wp-json\/wp\/v2\/comments?post=380"}],"version-history":[{"count":69,"href":"https:\/\/rapos.cz\/de\/wp-json\/wp\/v2\/pages\/380\/revisions"}],"predecessor-version":[{"id":2425,"href":"https:\/\/rapos.cz\/de\/wp-json\/wp\/v2\/pages\/380\/revisions\/2425"}],"up":[{"embeddable":true,"href":"https:\/\/rapos.cz\/de\/wp-json\/wp\/v2\/pages\/91"}],"wp:attachment":[{"href":"https:\/\/rapos.cz\/de\/wp-json\/wp\/v2\/media?parent=380"}],"curies":[{"name":"wp","href":"https:\/\/api.w.org\/{rel}","templated":true}]}}