{"id":147,"date":"2019-04-24T19:43:39","date_gmt":"2019-04-24T17:43:39","guid":{"rendered":"http:\/\/www.rapos.martinhoracek.cz\/?page_id=147"},"modified":"2025-04-17T10:18:57","modified_gmt":"2025-04-17T08:18:57","slug":"ziskane-certifikaty","status":"publish","type":"page","link":"https:\/\/rapos.cz\/de\/o-spolecnosti\/ziskane-certifikaty\/","title":{"rendered":"Z\u00edskan\u00e9 certifik\u00e1ty"},"content":{"rendered":"\t\t<div data-elementor-type=\"wp-post\" data-elementor-id=\"147\" class=\"elementor elementor-147\">\n\t\t\t\t\t\t<section class=\"elementor-section elementor-top-section elementor-element elementor-element-472a3e4 elementor-section-full_width elementor-section-height-default elementor-section-height-default\" data-id=\"472a3e4\" data-element_type=\"section\" data-e-type=\"section\">\n\t\t\t\t\t\t<div class=\"elementor-container elementor-column-gap-default\">\n\t\t\t\t\t<div class=\"elementor-column elementor-col-33 elementor-top-column elementor-element elementor-element-58e4a32\" data-id=\"58e4a32\" data-element_type=\"column\" data-e-type=\"column\">\n\t\t\t<div class=\"elementor-widget-wrap elementor-element-populated\">\n\t\t\t\t\t\t<div class=\"elementor-element elementor-element-2e3b8b2 elementor-widget elementor-widget-image\" data-id=\"2e3b8b2\" data-element_type=\"widget\" data-e-type=\"widget\" data-widget_type=\"image.default\">\n\t\t\t\t<div class=\"elementor-widget-container\">\n\t\t\t\t\t\t\t\t\t\t\t\t\t\t\t\t<a href=\"https:\/\/rapos.cz\/wp-content\/uploads\/2024\/03\/ISO-9001_do-2027.pdf\" target=\"_blank\">\n\t\t\t\t\t\t\t<img decoding=\"async\" src=\"https:\/\/rapos.cz\/wp-content\/uploads\/elementor\/thumbs\/ISO-9001_do-2027-ql1r8j6ezcsatj2tysllgr8vuekruolbmre12sfnrw.png\" title=\"ISO 9001_do 2027\" alt=\"ISO 9001_do 2027\" loading=\"lazy\" \/>\t\t\t\t\t\t\t\t<\/a>\n\t\t\t\t\t\t\t\t\t\t\t\t\t\t\t<\/div>\n\t\t\t\t<\/div>\n\t\t\t\t\t<\/div>\n\t\t<\/div>\n\t\t\t\t<div class=\"elementor-column elementor-col-33 elementor-top-column elementor-element elementor-element-171aa67\" data-id=\"171aa67\" data-element_type=\"column\" data-e-type=\"column\">\n\t\t\t<div class=\"elementor-widget-wrap elementor-element-populated\">\n\t\t\t\t\t\t<div class=\"elementor-element elementor-element-1bc2a46 elementor-widget elementor-widget-image\" data-id=\"1bc2a46\" data-element_type=\"widget\" data-e-type=\"widget\" data-widget_type=\"image.default\">\n\t\t\t\t<div class=\"elementor-widget-container\">\n\t\t\t\t\t\t\t\t\t\t\t\t\t\t\t\t<a href=\"https:\/\/rapos.cz\/wp-content\/uploads\/2024\/03\/ISO-14001_do-2027.pdf\" target=\"_blank\">\n\t\t\t\t\t\t\t<img decoding=\"async\" src=\"https:\/\/rapos.cz\/wp-content\/uploads\/elementor\/thumbs\/ISO-14001_do-2027-ql1r8l23d0uvgr03nteulqrt16bia2ssb0p01ccvfg.png\" title=\"ISO 14001_do 2027\" alt=\"ISO 14001_do 2027\" loading=\"lazy\" \/>\t\t\t\t\t\t\t\t<\/a>\n\t\t\t\t\t\t\t\t\t\t\t\t\t\t\t<\/div>\n\t\t\t\t<\/div>\n\t\t\t\t\t<\/div>\n\t\t<\/div>\n\t\t\t\t<div class=\"elementor-column elementor-col-33 elementor-top-column elementor-element elementor-element-a85b679\" data-id=\"a85b679\" data-element_type=\"column\" data-e-type=\"column\">\n\t\t\t<div class=\"elementor-widget-wrap elementor-element-populated\">\n\t\t\t\t\t\t<div class=\"elementor-element elementor-element-0bf93ea elementor-widget elementor-widget-image\" data-id=\"0bf93ea\" data-element_type=\"widget\" data-e-type=\"widget\" data-widget_type=\"image.default\">\n\t\t\t\t<div class=\"elementor-widget-container\">\n\t\t\t\t\t\t\t\t\t\t\t\t\t\t\t\t<a href=\"https:\/\/rapos.cz\/wp-content\/uploads\/2025\/04\/ISO-45001-z-unora-2025__do-25.02.2027.pdf\" target=\"_blank\">\n\t\t\t\t\t\t\t<img decoding=\"async\" src=\"https:\/\/rapos.cz\/wp-content\/uploads\/elementor\/thumbs\/ISO-EN-45001_do-2027-nove-r4he4y8bktmu2bglun3m6hyjo7m78ck67qz2l365uk.png\" title=\"ISO EN 45001_do 2027 &#8211; nov\u00e9\" alt=\"ISO EN 45001_do 2027 - nov\u00e9\" loading=\"lazy\" \/>\t\t\t\t\t\t\t\t<\/a>\n\t\t\t\t\t\t\t\t\t\t\t\t\t\t\t<\/div>\n\t\t\t\t<\/div>\n\t\t\t\t\t<\/div>\n\t\t<\/div>\n\t\t\t\t\t<\/div>\n\t\t<\/section>\n\t\t\t\t<section class=\"elementor-section elementor-top-section elementor-element elementor-element-bfc6502 elementor-section-full_width certifikat-none elementor-section-height-default elementor-section-height-default\" data-id=\"bfc6502\" data-element_type=\"section\" data-e-type=\"section\">\n\t\t\t\t\t\t<div class=\"elementor-container elementor-column-gap-default\">\n\t\t\t\t\t<div class=\"elementor-column elementor-col-25 elementor-top-column elementor-element elementor-element-28f8099\" data-id=\"28f8099\" data-element_type=\"column\" data-e-type=\"column\">\n\t\t\t<div class=\"elementor-widget-wrap elementor-element-populated\">\n\t\t\t\t\t\t<div class=\"elementor-element elementor-element-4678271 img-responsive elementor-widget elementor-widget-image\" data-id=\"4678271\" data-element_type=\"widget\" data-e-type=\"widget\" data-widget_type=\"image.default\">\n\t\t\t\t<div class=\"elementor-widget-container\">\n\t\t\t\t\t\t\t\t\t\t\t\t\t\t\t\t<a href=\"http:\/\/www.generator.martinhoracek.cz\/image.php?url=www.rapos.martinhoracek.cz\/wp-content\/uploads\/2019\/04\/14001.jpg\" target=\"_blank\">\n\t\t\t\t\t\t\t<img fetchpriority=\"high\" decoding=\"async\" width=\"366\" height=\"524\" src=\"https:\/\/rapos.cz\/wp-content\/uploads\/2019\/04\/14001.jpg\" class=\"attachment-large size-large wp-image-149\" alt=\"\" srcset=\"https:\/\/rapos.cz\/wp-content\/uploads\/2019\/04\/14001.jpg 366w, https:\/\/rapos.cz\/wp-content\/uploads\/2019\/04\/14001-210x300.jpg 210w\" sizes=\"(max-width: 366px) 100vw, 366px\" \/>\t\t\t\t\t\t\t\t<\/a>\n\t\t\t\t\t\t\t\t\t\t\t\t\t\t\t<\/div>\n\t\t\t\t<\/div>\n\t\t\t\t\t<\/div>\n\t\t<\/div>\n\t\t\t\t<div class=\"elementor-column elementor-col-25 elementor-top-column elementor-element elementor-element-bec2fb5\" data-id=\"bec2fb5\" data-element_type=\"column\" data-e-type=\"column\">\n\t\t\t<div class=\"elementor-widget-wrap elementor-element-populated\">\n\t\t\t\t\t\t<div class=\"elementor-element elementor-element-ad06759 elementor-widget elementor-widget-image\" data-id=\"ad06759\" data-element_type=\"widget\" data-e-type=\"widget\" data-widget_type=\"image.default\">\n\t\t\t\t<div class=\"elementor-widget-container\">\n\t\t\t\t\t\t\t\t\t\t\t\t\t\t\t\t<a href=\"http:\/\/www.generator.martinhoracek.cz\/image.php?url=www.rapos.martinhoracek.cz\/wp-content\/uploads\/2019\/04\/18001.jpg\" target=\"_blank\">\n\t\t\t\t\t\t\t<img decoding=\"async\" width=\"367\" height=\"524\" src=\"https:\/\/rapos.cz\/wp-content\/uploads\/2019\/04\/18001.jpg\" class=\"attachment-large size-large wp-image-150\" alt=\"\" srcset=\"https:\/\/rapos.cz\/wp-content\/uploads\/2019\/04\/18001.jpg 367w, https:\/\/rapos.cz\/wp-content\/uploads\/2019\/04\/18001-210x300.jpg 210w\" sizes=\"(max-width: 367px) 100vw, 367px\" \/>\t\t\t\t\t\t\t\t<\/a>\n\t\t\t\t\t\t\t\t\t\t\t\t\t\t\t<\/div>\n\t\t\t\t<\/div>\n\t\t\t\t\t<\/div>\n\t\t<\/div>\n\t\t\t\t<div class=\"elementor-column elementor-col-25 elementor-top-column elementor-element elementor-element-993de4b\" data-id=\"993de4b\" data-element_type=\"column\" data-e-type=\"column\">\n\t\t\t<div class=\"elementor-widget-wrap elementor-element-populated\">\n\t\t\t\t\t\t<div class=\"elementor-element elementor-element-a34d2e5 elementor-widget elementor-widget-image\" data-id=\"a34d2e5\" data-element_type=\"widget\" data-e-type=\"widget\" data-widget_type=\"image.default\">\n\t\t\t\t<div class=\"elementor-widget-container\">\n\t\t\t\t\t\t\t\t\t\t\t\t\t\t\t\t<a href=\"http:\/\/www.generator.martinhoracek.cz\/image.php?url=www.rapos.martinhoracek.cz\/wp-content\/uploads\/2019\/04\/ZELENA-FIRMA.jpg\" target=\"_blank\">\n\t\t\t\t\t\t\t<img decoding=\"async\" src=\"https:\/\/rapos.cz\/wp-content\/uploads\/elementor\/thumbs\/ZELENA-FIRMA-o94efyl1czngbw97vb9a2ga61qpdop5yjgssgu5szk.jpg\" title=\"ZELENA FIRMA\" alt=\"ZELENA FIRMA\" loading=\"lazy\" \/>\t\t\t\t\t\t\t\t<\/a>\n\t\t\t\t\t\t\t\t\t\t\t\t\t\t\t<\/div>\n\t\t\t\t<\/div>\n\t\t\t\t\t<\/div>\n\t\t<\/div>\n\t\t\t\t<div class=\"elementor-column elementor-col-25 elementor-top-column elementor-element elementor-element-df47d12\" data-id=\"df47d12\" data-element_type=\"column\" data-e-type=\"column\">\n\t\t\t<div class=\"elementor-widget-wrap elementor-element-populated\">\n\t\t\t\t\t\t<div class=\"elementor-element elementor-element-a6042da elementor-widget elementor-widget-image\" data-id=\"a6042da\" data-element_type=\"widget\" data-e-type=\"widget\" data-widget_type=\"image.default\">\n\t\t\t\t<div class=\"elementor-widget-container\">\n\t\t\t\t\t\t\t\t\t\t\t\t\t\t\t\t<a href=\"http:\/\/www.generator.martinhoracek.cz\/image.php?url=www.rapos.martinhoracek.cz\/wp-content\/uploads\/2019\/04\/cetrifikat-SPS1.jpg\" target=\"_blank\">\n\t\t\t\t\t\t\t<img decoding=\"async\" src=\"https:\/\/rapos.cz\/wp-content\/uploads\/elementor\/thumbs\/cetrifikat-SPS1-o94efyl1czngbw97vb9a2ga61qpdop5yjgssgu5szk.jpg\" title=\"cetrifikat SPS1\" alt=\"cetrifikat SPS1\" loading=\"lazy\" \/>\t\t\t\t\t\t\t\t<\/a>\n\t\t\t\t\t\t\t\t\t\t\t\t\t\t\t<\/div>\n\t\t\t\t<\/div>\n\t\t\t\t\t<\/div>\n\t\t<\/div>\n\t\t\t\t\t<\/div>\n\t\t<\/section>\n\t\t\t\t<section class=\"elementor-section elementor-top-section elementor-element elementor-element-70f1337 elementor-section-full_width certifikat-none elementor-section-height-default elementor-section-height-default\" data-id=\"70f1337\" data-element_type=\"section\" data-e-type=\"section\">\n\t\t\t\t\t\t<div class=\"elementor-container elementor-column-gap-default\">\n\t\t\t\t\t<div class=\"elementor-column elementor-col-25 elementor-top-column elementor-element elementor-element-1f29c4e\" data-id=\"1f29c4e\" data-element_type=\"column\" data-e-type=\"column\">\n\t\t\t<div class=\"elementor-widget-wrap elementor-element-populated\">\n\t\t\t\t\t\t<div class=\"elementor-element elementor-element-fa9055c elementor-widget elementor-widget-image\" data-id=\"fa9055c\" data-element_type=\"widget\" data-e-type=\"widget\" data-widget_type=\"image.default\">\n\t\t\t\t<div class=\"elementor-widget-container\">\n\t\t\t\t\t\t\t\t\t\t\t\t\t\t\t\t<a href=\"http:\/\/www.generator.martinhoracek.cz\/image.php?url=www.rapos.martinhoracek.cz\/wp-content\/uploads\/2019\/04\/registracezelenausporam.jpg\" target=\"_blank\">\n\t\t\t\t\t\t\t<img decoding=\"async\" src=\"https:\/\/rapos.cz\/wp-content\/uploads\/elementor\/thumbs\/registracezelenausporam-o94efyl1czngbw97vb9a2ga61qpdop5yjgssgu5szk.jpg\" title=\"registracezelenausporam\" alt=\"registracezelenausporam\" loading=\"lazy\" \/>\t\t\t\t\t\t\t\t<\/a>\n\t\t\t\t\t\t\t\t\t\t\t\t\t\t\t<\/div>\n\t\t\t\t<\/div>\n\t\t\t\t\t<\/div>\n\t\t<\/div>\n\t\t\t\t<div class=\"elementor-column elementor-col-25 elementor-top-column elementor-element elementor-element-bf559bc\" data-id=\"bf559bc\" data-element_type=\"column\" data-e-type=\"column\">\n\t\t\t<div class=\"elementor-widget-wrap\">\n\t\t\t\t\t\t\t<\/div>\n\t\t<\/div>\n\t\t\t\t<div class=\"elementor-column elementor-col-25 elementor-top-column elementor-element elementor-element-8c8acf2\" data-id=\"8c8acf2\" data-element_type=\"column\" data-e-type=\"column\">\n\t\t\t<div class=\"elementor-widget-wrap\">\n\t\t\t\t\t\t\t<\/div>\n\t\t<\/div>\n\t\t\t\t<div class=\"elementor-column elementor-col-25 elementor-top-column elementor-element elementor-element-473be4e\" data-id=\"473be4e\" data-element_type=\"column\" data-e-type=\"column\">\n\t\t\t<div class=\"elementor-widget-wrap\">\n\t\t\t\t\t\t\t<\/div>\n\t\t<\/div>\n\t\t\t\t\t<\/div>\n\t\t<\/section>\n\t\t\t\t<\/div>\n\t\t","protected":false},"excerpt":{"rendered":"<p>ISO 9001_do 2027ISO 14001_do 2027ISO EN 45001_do 2027 &#8211; nov\u00e9<\/p>\n","protected":false},"author":1,"featured_media":0,"parent":91,"menu_order":0,"comment_status":"closed","ping_status":"closed","template":"pages\/page-spolecnost.php","meta":{"footnotes":""},"class_list":["post-147","page","type-page","status-publish","hentry"],"_links":{"self":[{"href":"https:\/\/rapos.cz\/de\/wp-json\/wp\/v2\/pages\/147","targetHints":{"allow":["GET"]}}],"collection":[{"href":"https:\/\/rapos.cz\/de\/wp-json\/wp\/v2\/pages"}],"about":[{"href":"https:\/\/rapos.cz\/de\/wp-json\/wp\/v2\/types\/page"}],"author":[{"embeddable":true,"href":"https:\/\/rapos.cz\/de\/wp-json\/wp\/v2\/users\/1"}],"replies":[{"embeddable":true,"href":"https:\/\/rapos.cz\/de\/wp-json\/wp\/v2\/comments?post=147"}],"version-history":[{"count":77,"href":"https:\/\/rapos.cz\/de\/wp-json\/wp\/v2\/pages\/147\/revisions"}],"predecessor-version":[{"id":5614,"href":"https:\/\/rapos.cz\/de\/wp-json\/wp\/v2\/pages\/147\/revisions\/5614"}],"up":[{"embeddable":true,"href":"https:\/\/rapos.cz\/de\/wp-json\/wp\/v2\/pages\/91"}],"wp:attachment":[{"href":"https:\/\/rapos.cz\/de\/wp-json\/wp\/v2\/media?parent=147"}],"curies":[{"name":"wp","href":"https:\/\/api.w.org\/{rel}","templated":true}]}}